{"id":978,"date":"2022-06-22T00:52:15","date_gmt":"2022-06-22T00:52:15","guid":{"rendered":"https:\/\/capitalexpress.us\/es\/?page_id=978"},"modified":"2025-06-26T11:47:21","modified_gmt":"2025-06-26T16:47:21","slug":"prestamos-basados-en-activos","status":"publish","type":"page","link":"https:\/\/www.capitalexpress.us\/es\/soluciones\/prestamos-basados-en-activos\/","title":{"rendered":"Pr\u00e9stamos basados en activos"},"content":{"rendered":"\n<style type=\"text\/css\" data-created_by=\"avia_inline_auto\" id=\"style-css-av-cxg5m-6e2f2632bc372d8aaec5a2e852f76741\">\n.avia-section.av-cxg5m-6e2f2632bc372d8aaec5a2e852f76741{\nbackground-repeat:no-repeat;\nbackground-image:url(https:\/\/www.capitalexpress.us\/es\/wp-content\/uploads\/2025\/06\/capital-express-solutions-bg.jpg);\nbackground-position:50% 50%;\nbackground-attachment:scroll;\n}\n.avia-section.av-cxg5m-6e2f2632bc372d8aaec5a2e852f76741 .av-section-color-overlay{\nopacity:0.2;\nbackground-color:#000000;\n}\n<\/style>\n<div id='av_section_1'  class='avia-section av-cxg5m-6e2f2632bc372d8aaec5a2e852f76741 main_color avia-section-default avia-no-border-styling  avia-builder-el-0  el_before_av_section  avia-builder-el-first  avia-full-stretch avia-bg-style-scroll av-section-color-overlay-active av-minimum-height av-minimum-height-custom  container_wrap fullsize'  data-section-bg-repeat='stretch' data-av_minimum_height_px='280'><div class=\"av-section-color-overlay-wrap\"><div class=\"av-section-color-overlay\"><\/div><div class='container av-section-cont-open' style='height:280px'><main  role=\"main\" itemprop=\"mainContentOfPage\"  class='template-page content  av-content-full alpha units'><div class='post-entry post-entry-type-page post-entry-978'><div class='entry-content-wrapper clearfix'>\n\n<style type=\"text\/css\" data-created_by=\"avia_inline_auto\" id=\"style-css-av-10zru-eae6f91573eaa15ab0fc9c887c4baf80\">\n#top .flex_column.av-10zru-eae6f91573eaa15ab0fc9c887c4baf80{\nmargin-top:0px;\nmargin-bottom:0px;\n}\n.flex_column.av-10zru-eae6f91573eaa15ab0fc9c887c4baf80{\n-webkit-border-radius:0px 0px 0px 0px;\n-moz-border-radius:0px 0px 0px 0px;\nborder-radius:0px 0px 0px 0px;\npadding:0px 0px 0px 0px;\n}\n.responsive #top #wrap_all .flex_column.av-10zru-eae6f91573eaa15ab0fc9c887c4baf80{\nmargin-top:0px;\nmargin-bottom:0px;\n}\n<\/style>\n<div class='flex_column av-10zru-eae6f91573eaa15ab0fc9c887c4baf80 av_one_full  avia-builder-el-1  avia-builder-el-no-sibling  first flex_column_div av-animated-generic left-to-right av-zero-column-padding '     ><style type=\"text\/css\" data-created_by=\"avia_inline_auto\" id=\"style-css-av-mcdm6lyl-7795732b0513eeaa88f010fcb1305a53\">\n#top .av-special-heading.av-mcdm6lyl-7795732b0513eeaa88f010fcb1305a53{\nmargin:0 0 0 0;\npadding-bottom:0;\ncolor:#ffffff;\nfont-size:3vw;\n}\nbody .av-special-heading.av-mcdm6lyl-7795732b0513eeaa88f010fcb1305a53 .av-special-heading-tag .heading-char{\nfont-size:25px;\n}\n#top #wrap_all .av-special-heading.av-mcdm6lyl-7795732b0513eeaa88f010fcb1305a53 .av-special-heading-tag{\nfont-size:3vw;\n}\n.av-special-heading.av-mcdm6lyl-7795732b0513eeaa88f010fcb1305a53 .special-heading-inner-border{\nborder-color:#ffffff;\n}\n.av-special-heading.av-mcdm6lyl-7795732b0513eeaa88f010fcb1305a53 .av-subheading{\nfont-size:25px;\n}\n\n@media only screen and (min-width: 768px) and (max-width: 989px){ \n#top #wrap_all .av-special-heading.av-mcdm6lyl-7795732b0513eeaa88f010fcb1305a53 .av-special-heading-tag{\nfont-size:20px;\n}\n}\n\n@media only screen and (min-width: 480px) and (max-width: 767px){ \n#top #wrap_all .av-special-heading.av-mcdm6lyl-7795732b0513eeaa88f010fcb1305a53 .av-special-heading-tag{\nfont-size:20px;\n}\n}\n\n@media only screen and (max-width: 479px){ \n#top #wrap_all .av-special-heading.av-mcdm6lyl-7795732b0513eeaa88f010fcb1305a53 .av-special-heading-tag{\nfont-size:20px;\n}\n}\n<\/style>\n<div  class='av-special-heading av-mcdm6lyl-7795732b0513eeaa88f010fcb1305a53 av-special-heading-h1 custom-color-heading blockquote modern-quote modern-centered  avia-builder-el-2  avia-builder-el-no-sibling  av-inherit-size'><h1 class='av-special-heading-tag'  itemprop=\"headline\"  >Pr\u00e9stamos basados en activos (ABL)<\/h1><div class=\"special-heading-border\"><div class=\"special-heading-inner-border\"><\/div><\/div><\/div><\/div>\n\n<\/div><\/div><\/main><!-- close content main element --><\/div><\/div><\/div><div id='av_section_2'  class='avia-section av-qet8u-23-8350fd2d84426145cb5215aa2dda3e3d main_color avia-section-huge avia-no-border-styling  avia-builder-el-3  el_after_av_section  el_before_av_section  avia-bg-style-scroll container_wrap fullsize'  ><div class='container av-section-cont-open' ><div class='template-page content  av-content-full alpha units'><div class='post-entry post-entry-type-page post-entry-978'><div class='entry-content-wrapper clearfix'>\n<div class='flex_column_table av-9wkhy-21-2dc56abc4b0c72e314c97404d19231af sc-av_one_full av-equal-height-column-flextable'>\n<style type=\"text\/css\" data-created_by=\"avia_inline_auto\" id=\"style-css-av-9wkhy-21-2dc56abc4b0c72e314c97404d19231af\">\n#top .flex_column_table.av-equal-height-column-flextable.av-9wkhy-21-2dc56abc4b0c72e314c97404d19231af{\nmargin-top:0px;\nmargin-bottom:20px;\n}\n.flex_column.av-9wkhy-21-2dc56abc4b0c72e314c97404d19231af{\n-webkit-border-radius:3px 3px 3px 3px;\n-moz-border-radius:3px 3px 3px 3px;\nborder-radius:3px 3px 3px 3px;\npadding:40px 40px 40px 40px;\nbackground-color:#f7f7f7;\n}\n<\/style>\n<div class='flex_column av-9wkhy-21-2dc56abc4b0c72e314c97404d19231af av_one_full  avia-builder-el-4  el_before_av_one_fourth  avia-builder-el-first  first no_margin flex_column_table_cell av-equal-height-column av-align-middle av-animated-generic left-to-right '     ><style type=\"text\/css\" data-created_by=\"avia_inline_auto\" id=\"style-css-av-jgrx3l5f-15-fc87436247e7e89cc0b2899f426b1f3d\">\n#top .av_textblock_section.av-jgrx3l5f-15-fc87436247e7e89cc0b2899f426b1f3d .avia_textblock{\nfont-size:16px;\n}\n<\/style>\n<section  class='av_textblock_section av-jgrx3l5f-15-fc87436247e7e89cc0b2899f426b1f3d'  itemscope=\"itemscope\" itemtype=\"https:\/\/schema.org\/CreativeWork\" ><div class='avia_textblock'  itemprop=\"text\" ><p><strong>Mejore su flujo de efectivo, garantizado por las cuentas por cobrar de su empresa<\/strong><\/p>\n<\/div><\/section><\/div><\/div><!--close column table wrapper. Autoclose: 1 --><div class='flex_column av-1zitu-b3c3a31eecb1abd8a83dec3875aad148 av_one_fourth  avia-builder-el-6  el_after_av_one_full  el_before_av_one_half  first flex_column_div column-top-margin'     ><\/div><div class='flex_column av-hj2ci-a97f584c87ed1c7f4bf5ce3591b4f7b4 av_one_half  avia-builder-el-7  el_after_av_one_fourth  el_before_av_one_fourth  flex_column_div column-top-margin'     ><p>\n<style type=\"text\/css\" data-created_by=\"avia_inline_auto\" id=\"style-css-av-l4ovruds-0f336a62cdfb967d660e8de61f4dc78a\">\n#top .av_textblock_section.av-l4ovruds-0f336a62cdfb967d660e8de61f4dc78a .avia_textblock{\nfont-size:16px;\n}\n<\/style>\n<section  class='av_textblock_section av-l4ovruds-0f336a62cdfb967d660e8de61f4dc78a'  itemscope=\"itemscope\" itemtype=\"https:\/\/schema.org\/CreativeWork\" ><div class='avia_textblock'  itemprop=\"text\" ><p><img loading=\"lazy\" decoding=\"async\" class=\"alignleft wp-image-1169 size-full\" src=\"https:\/\/capitalexpress.us\/es\/wp-content\/uploads\/2022\/08\/1-1.svg\" alt=\"\" width=\"114\" height=\"86\" \/><\/p>\n<p><strong><br \/>\nACCESO R\u00c1PIDO A LA CAPITAL DE TRABAJO<br \/>\n<\/strong><\/p>\n<p>A diferencia de los pr\u00e9stamos, ABL es f\u00e1cil y r\u00e1pido de obtener para satisfacer necesidades inmediatas.<\/p>\n<\/div><\/section><br \/>\n\n<style type=\"text\/css\" data-created_by=\"avia_inline_auto\" id=\"style-css-av-l4ovv73t-2f50ae0eabd9ad642510fb71af1f4b13\">\n#top .av_textblock_section.av-l4ovv73t-2f50ae0eabd9ad642510fb71af1f4b13 .avia_textblock{\nfont-size:16px;\n}\n<\/style>\n<section  class='av_textblock_section av-l4ovv73t-2f50ae0eabd9ad642510fb71af1f4b13'  itemscope=\"itemscope\" itemtype=\"https:\/\/schema.org\/CreativeWork\" ><div class='avia_textblock'  itemprop=\"text\" ><p><img loading=\"lazy\" decoding=\"async\" class=\"alignleft wp-image-1170 size-full\" src=\"https:\/\/capitalexpress.us\/es\/wp-content\/uploads\/2022\/08\/2-1.svg\" alt=\"\" width=\"114\" height=\"86\" \/><br \/>\n<strong>PUEDE AYUDAR A INCREMENTAR EL FLUJO DE EFECTIVO DE LA EMPRESA<\/strong><\/p>\n<p>Proporcionar\u00e1 estabilidad financiera a su empresa y la ayudar\u00e1 a crecer de manera saludable.<\/p>\n<\/div><\/section><br \/>\n<section  class='av_textblock_section av-f8s5m-0b509e6746c328f4ebf4885a798dd0f8'  itemscope=\"itemscope\" itemtype=\"https:\/\/schema.org\/CreativeWork\" ><div class='avia_textblock'  itemprop=\"text\" ><p><img loading=\"lazy\" decoding=\"async\" class=\"alignleft wp-image-1171 size-full\" src=\"https:\/\/capitalexpress.us\/es\/wp-content\/uploads\/2022\/08\/3-1.svg\" alt=\"\" width=\"114\" height=\"86\" \/><br \/>\n<strong>OFRECEMOS FLEXIBILIDAD<\/strong><\/p>\n<p>Este tipo de contrato se ajustar\u00e1 a tus necesidades exactas.<\/p>\n<\/div><\/section><br \/>\n<section  class='av_textblock_section av-ba3ky-923f23f55beda98715c845569cb43115'  itemscope=\"itemscope\" itemtype=\"https:\/\/schema.org\/CreativeWork\" ><div class='avia_textblock'  itemprop=\"text\" ><p><img loading=\"lazy\" decoding=\"async\" class=\"alignleft wp-image-1172 size-full\" src=\"https:\/\/capitalexpress.us\/es\/wp-content\/uploads\/2022\/08\/4-1.svg\" alt=\"\" width=\"114\" height=\"86\" \/><br \/>\n<strong>OFRECEMOS SERVICIOS DE COBRO Y AN\u00c1LISIS DE CR\u00c9DITO PARA SUS CLIENTES POR SOLICITUD<\/strong><\/p>\n<\/div><\/section><\/p><\/div><div class='flex_column av-bhk3m-cb724cee73e73f8e109a10a392db8742 av_one_fourth  avia-builder-el-12  el_after_av_one_half  avia-builder-el-last  flex_column_div column-top-margin'     ><\/div>\n\n<\/div><\/div><\/div><!-- close content main div --><\/div><\/div>\n<style type=\"text\/css\" data-created_by=\"avia_inline_auto\" id=\"style-css-av-145nae-84eeacf25bea45802e772ac2e4a82ff5\">\n.avia-section.av-145nae-84eeacf25bea45802e772ac2e4a82ff5{\nbackground-color:#2ad2c9;\nbackground-image:unset;\nmargin-top:0px;\nmargin-bottom:40px;\n}\n.avia-section.av-145nae-84eeacf25bea45802e772ac2e4a82ff5 .av-section-color-overlay{\nopacity:0.6;\n}\n<\/style>\n<div id='av_section_3'  class='avia-section av-145nae-84eeacf25bea45802e772ac2e4a82ff5 main_color avia-section-default avia-no-border-styling  avia-builder-el-13  el_after_av_section  avia-builder-el-last  avia-bg-style-scroll av-section-color-overlay-active container_wrap fullsize'  ><div class=\"av-section-color-overlay-wrap\"><div class=\"av-section-color-overlay\"><\/div><div class='container av-section-cont-open' ><div class='template-page content  av-content-full alpha units'><div class='post-entry post-entry-type-page post-entry-978'><div class='entry-content-wrapper clearfix'>\n\n<style type=\"text\/css\" data-created_by=\"avia_inline_auto\" id=\"style-css-av-jgf3pjem-0f2161aa908a2f017dfcbdbb9909b667\">\n#top .flex_column.av-jgf3pjem-0f2161aa908a2f017dfcbdbb9909b667{\nmargin-top:0px;\nmargin-bottom:0px;\n}\n.flex_column.av-jgf3pjem-0f2161aa908a2f017dfcbdbb9909b667{\n-webkit-border-radius:0px 0px 0px 0px;\n-moz-border-radius:0px 0px 0px 0px;\nborder-radius:0px 0px 0px 0px;\npadding:0px 0px 0px 0px;\n}\n.responsive #top #wrap_all .flex_column.av-jgf3pjem-0f2161aa908a2f017dfcbdbb9909b667{\nmargin-top:0px;\nmargin-bottom:0px;\n}\n<\/style>\n<div class='flex_column av-jgf3pjem-0f2161aa908a2f017dfcbdbb9909b667 av_one_full  avia-builder-el-14  avia-builder-el-no-sibling  first flex_column_div av-animated-generic left-to-right av-zero-column-padding '     ><div  class='avia-button-wrap av-mcdm7vj6-8dc24c54a635d96920c9e20d3db6e357-wrap avia-button-center  avia-builder-el-15  avia-builder-el-no-sibling ' >\n<style type=\"text\/css\" data-created_by=\"avia_inline_auto\" id=\"style-css-av-mcdm7vj6-8dc24c54a635d96920c9e20d3db6e357\">\n#top #wrap_all .avia-button.av-mcdm7vj6-8dc24c54a635d96920c9e20d3db6e357{\nbackground-color:#000000;\nborder-color:#000000;\ncolor:#ffffff;\n-webkit-transition:all 0.4s ease-in-out;\n-moz-transition:all 0.4s ease-in-out;\n-ms-transition:all 0.4s ease-in-out;\n-o-transition:all 0.4s ease-in-out;\ntransition:all 0.4s ease-in-out;\n}\n<\/style>\n<a href='https:\/\/www.capitalexpress.us\/es\/contactenos\/'  class='avia-button av-mcdm7vj6-8dc24c54a635d96920c9e20d3db6e357 avia-icon_select-yes-right-icon avia-size-large avia-position-center av-icon-on-hover'  target=\"_blank\"  rel=\"noopener noreferrer\"><span class='avia_iconbox_title' >APLICA AHORA<\/span><span class='avia_button_icon avia_button_icon_right' aria-hidden='true' data-av_icon='\ue879' data-av_iconfont='entypo-fontello'><\/span><\/a><\/div><\/div>\n\n","protected":false},"excerpt":{"rendered":"","protected":false},"author":1,"featured_media":0,"parent":824,"menu_order":0,"comment_status":"closed","ping_status":"closed","template":"","meta":{"inline_featured_image":false,"footnotes":""},"class_list":["post-978","page","type-page","status-publish","hentry"],"_links":{"self":[{"href":"https:\/\/www.capitalexpress.us\/es\/wp-json\/wp\/v2\/pages\/978","targetHints":{"allow":["GET"]}}],"collection":[{"href":"https:\/\/www.capitalexpress.us\/es\/wp-json\/wp\/v2\/pages"}],"about":[{"href":"https:\/\/www.capitalexpress.us\/es\/wp-json\/wp\/v2\/types\/page"}],"author":[{"embeddable":true,"href":"https:\/\/www.capitalexpress.us\/es\/wp-json\/wp\/v2\/users\/1"}],"replies":[{"embeddable":true,"href":"https:\/\/www.capitalexpress.us\/es\/wp-json\/wp\/v2\/comments?post=978"}],"version-history":[{"count":27,"href":"https:\/\/www.capitalexpress.us\/es\/wp-json\/wp\/v2\/pages\/978\/revisions"}],"predecessor-version":[{"id":1458,"href":"https:\/\/www.capitalexpress.us\/es\/wp-json\/wp\/v2\/pages\/978\/revisions\/1458"}],"up":[{"embeddable":true,"href":"https:\/\/www.capitalexpress.us\/es\/wp-json\/wp\/v2\/pages\/824"}],"wp:attachment":[{"href":"https:\/\/www.capitalexpress.us\/es\/wp-json\/wp\/v2\/media?parent=978"}],"curies":[{"name":"wp","href":"https:\/\/api.w.org\/{rel}","templated":true}]}}