{"id":824,"date":"2018-05-03T15:19:56","date_gmt":"2018-05-03T15:19:56","guid":{"rendered":"http:\/\/wpoffice\/enfold-lawyer\/?page_id=824"},"modified":"2025-06-26T11:51:14","modified_gmt":"2025-06-26T16:51:14","slug":"soluciones","status":"publish","type":"page","link":"https:\/\/www.capitalexpress.us\/es\/soluciones\/","title":{"rendered":"Soluciones"},"content":{"rendered":"\n<style type=\"text\/css\" data-created_by=\"avia_inline_auto\" id=\"style-css-av-1y9id4-f5c4f30ef7c9e33ce856450fdd620c53\">\n.avia-section.av-1y9id4-f5c4f30ef7c9e33ce856450fdd620c53{\nbackground-repeat:no-repeat;\nbackground-image:url(https:\/\/www.capitalexpress.us\/es\/wp-content\/uploads\/2025\/06\/capital-express-solutions-bg.jpg);\nbackground-position:50% 50%;\nbackground-attachment:scroll;\n}\n.avia-section.av-1y9id4-f5c4f30ef7c9e33ce856450fdd620c53 .av-section-color-overlay{\nopacity:0.2;\nbackground-color:#0a0000;\n}\n<\/style>\n<div id='av_section_1'  class='avia-section av-1y9id4-f5c4f30ef7c9e33ce856450fdd620c53 main_color avia-section-default avia-no-border-styling  avia-builder-el-0  el_before_av_section  avia-builder-el-first  avia-full-stretch avia-bg-style-scroll av-section-color-overlay-active av-minimum-height av-minimum-height-custom  container_wrap fullsize'  data-section-bg-repeat='stretch' data-av_minimum_height_px='280'><div class=\"av-section-color-overlay-wrap\"><div class=\"av-section-color-overlay\"><\/div><div class='container av-section-cont-open' style='height:280px'><main  role=\"main\" itemprop=\"mainContentOfPage\"  class='template-page content  av-content-full alpha units'><div class='post-entry post-entry-type-page post-entry-824'><div class='entry-content-wrapper clearfix'>\n\n<style type=\"text\/css\" data-created_by=\"avia_inline_auto\" id=\"style-css-av-1q7h08-83c49f82d0190c29f95c33bcdafda509\">\n#top .flex_column.av-1q7h08-83c49f82d0190c29f95c33bcdafda509{\nmargin-top:0px;\nmargin-bottom:0px;\n}\n.flex_column.av-1q7h08-83c49f82d0190c29f95c33bcdafda509{\n-webkit-border-radius:0px 0px 0px 0px;\n-moz-border-radius:0px 0px 0px 0px;\nborder-radius:0px 0px 0px 0px;\npadding:0px 0px 0px 0px;\n}\n.responsive #top #wrap_all .flex_column.av-1q7h08-83c49f82d0190c29f95c33bcdafda509{\nmargin-top:0px;\nmargin-bottom:0px;\n}\n<\/style>\n<div class='flex_column av-1q7h08-83c49f82d0190c29f95c33bcdafda509 av_one_full  avia-builder-el-1  avia-builder-el-no-sibling  first flex_column_div av-animated-generic left-to-right av-zero-column-padding '     ><style type=\"text\/css\" data-created_by=\"avia_inline_auto\" id=\"style-css-av-mcdh4ks0-4c1216e0708a20abcb233c9a3b7668c0\">\n#top .av-special-heading.av-mcdh4ks0-4c1216e0708a20abcb233c9a3b7668c0{\nmargin:0 0 0 0;\npadding-bottom:0;\ncolor:#ffffff;\nfont-size:3vw;\n}\nbody .av-special-heading.av-mcdh4ks0-4c1216e0708a20abcb233c9a3b7668c0 .av-special-heading-tag .heading-char{\nfont-size:25px;\n}\n#top #wrap_all .av-special-heading.av-mcdh4ks0-4c1216e0708a20abcb233c9a3b7668c0 .av-special-heading-tag{\nfont-size:3vw;\n}\n.av-special-heading.av-mcdh4ks0-4c1216e0708a20abcb233c9a3b7668c0 .special-heading-inner-border{\nborder-color:#ffffff;\n}\n.av-special-heading.av-mcdh4ks0-4c1216e0708a20abcb233c9a3b7668c0 .av-subheading{\nfont-size:25px;\n}\n\n@media only screen and (min-width: 768px) and (max-width: 989px){ \n#top #wrap_all .av-special-heading.av-mcdh4ks0-4c1216e0708a20abcb233c9a3b7668c0 .av-special-heading-tag{\nfont-size:24px;\n}\n}\n\n@media only screen and (min-width: 480px) and (max-width: 767px){ \n#top #wrap_all .av-special-heading.av-mcdh4ks0-4c1216e0708a20abcb233c9a3b7668c0 .av-special-heading-tag{\nfont-size:24px;\n}\n}\n\n@media only screen and (max-width: 479px){ \n#top #wrap_all .av-special-heading.av-mcdh4ks0-4c1216e0708a20abcb233c9a3b7668c0 .av-special-heading-tag{\nfont-size:24px;\n}\n}\n<\/style>\n<div  class='av-special-heading av-mcdh4ks0-4c1216e0708a20abcb233c9a3b7668c0 av-special-heading-h1 custom-color-heading blockquote modern-quote modern-centered  avia-builder-el-2  avia-builder-el-no-sibling  av-inherit-size'><h1 class='av-special-heading-tag'  itemprop=\"headline\"  >Soluciones<\/h1><div class=\"special-heading-border\"><div class=\"special-heading-inner-border\"><\/div><\/div><\/div><\/div>\n\n<\/div><\/div><\/main><!-- close content main element --><\/div><\/div><\/div><div id='av_section_2'  class='avia-section av-1kviig-92c26673d51d5877352702e194974662 main_color avia-section-default avia-no-border-styling  avia-builder-el-3  el_after_av_section  el_before_av_section  avia-bg-style-scroll container_wrap fullsize'  ><div class='container av-section-cont-open' ><div class='template-page content  av-content-full alpha units'><div class='post-entry post-entry-type-page post-entry-824'><div class='entry-content-wrapper clearfix'>\n\n<style type=\"text\/css\" data-created_by=\"avia_inline_auto\" id=\"style-css-av-4u0iw-fceec0a08f675e5de44935f50f71b7c2\">\n#top .flex_column.av-4u0iw-fceec0a08f675e5de44935f50f71b7c2{\nmargin-top:0px;\nmargin-bottom:40px;\n}\n.flex_column.av-4u0iw-fceec0a08f675e5de44935f50f71b7c2{\nwidth:31.333333333333%;\n-webkit-border-radius:3px 3px 3px 3px;\n-moz-border-radius:3px 3px 3px 3px;\nborder-radius:3px 3px 3px 3px;\npadding:0px 0px 0px 0px;\nheight:auto;\nmin-height:240px;\n}\n.responsive #top #wrap_all .flex_column.av-4u0iw-fceec0a08f675e5de44935f50f71b7c2{\nmargin-top:0px;\nmargin-bottom:40px;\n}\n<\/style>\n<div class='flex_column av-4u0iw-fceec0a08f675e5de44935f50f71b7c2 av_one_third  avia-builder-el-4  el_before_av_two_third  avia-builder-el-first  first flex_column_div av-animated-generic left-to-right av-zero-column-padding avia-full-stretch '     ><style type=\"text\/css\" data-created_by=\"avia_inline_auto\" id=\"style-css-av-mcdh8z1i-94a6fe1d6a8c019b93fc5b3c3422fb29\">\n.avia-image-container.av-mcdh8z1i-94a6fe1d6a8c019b93fc5b3c3422fb29 img.avia_image{\nbox-shadow:none;\n}\n.avia-image-container.av-mcdh8z1i-94a6fe1d6a8c019b93fc5b3c3422fb29 .av-image-caption-overlay-center{\ncolor:#ffffff;\n}\n<\/style>\n<div  class='avia-image-container av-mcdh8z1i-94a6fe1d6a8c019b93fc5b3c3422fb29 av-styling- avia-align-center  avia-builder-el-5  avia-builder-el-no-sibling '   itemprop=\"image\" itemscope=\"itemscope\" itemtype=\"https:\/\/schema.org\/ImageObject\" ><div class=\"avia-image-container-inner\"><div class=\"avia-image-overlay-wrap\"><img decoding=\"async\" class='wp-image-1414 avia-img-lazy-loading-not-1414 avia_image ' src=\"https:\/\/www.capitalexpress.us\/es\/wp-content\/uploads\/2025\/06\/capital-express-solutions.jpg\" alt='' title='capital-express-solutions'  height=\"1024\" width=\"1526\"  itemprop=\"thumbnailUrl\" srcset=\"https:\/\/www.capitalexpress.us\/es\/wp-content\/uploads\/2025\/06\/capital-express-solutions.jpg 1526w, https:\/\/www.capitalexpress.us\/es\/wp-content\/uploads\/2025\/06\/capital-express-solutions-300x201.jpg 300w, https:\/\/www.capitalexpress.us\/es\/wp-content\/uploads\/2025\/06\/capital-express-solutions-1030x691.jpg 1030w, https:\/\/www.capitalexpress.us\/es\/wp-content\/uploads\/2025\/06\/capital-express-solutions-768x515.jpg 768w, https:\/\/www.capitalexpress.us\/es\/wp-content\/uploads\/2025\/06\/capital-express-solutions-1500x1007.jpg 1500w, https:\/\/www.capitalexpress.us\/es\/wp-content\/uploads\/2025\/06\/capital-express-solutions-705x473.jpg 705w\" sizes=\"(max-width: 1526px) 100vw, 1526px\" \/><\/div><\/div><\/div><\/div>\n<style type=\"text\/css\" data-created_by=\"avia_inline_auto\" id=\"style-css-av-1azjp4-4c2f8229136d2e37d9b1e456137ee217\">\n#top .flex_column.av-1azjp4-4c2f8229136d2e37d9b1e456137ee217{\nmargin-top:0px;\nmargin-bottom:70px;\n}\n.flex_column.av-1azjp4-4c2f8229136d2e37d9b1e456137ee217{\nwidth:65.666666666667%;\nmargin-left:3%;\n-webkit-border-radius:3px 3px 3px 3px;\n-moz-border-radius:3px 3px 3px 3px;\nborder-radius:3px 3px 3px 3px;\npadding:40px 40px 40px 40px;\nbackground-color:#f7f7f7;\n}\n.responsive #top #wrap_all .flex_column.av-1azjp4-4c2f8229136d2e37d9b1e456137ee217{\nmargin-top:0px;\nmargin-bottom:70px;\n}\n<\/style>\n<div class='flex_column av-1azjp4-4c2f8229136d2e37d9b1e456137ee217 av_two_third  avia-builder-el-6  el_after_av_one_third  el_before_av_two_third  flex_column_div av-animated-generic left-to-right '     ><p>\n<style type=\"text\/css\" data-created_by=\"avia_inline_auto\" id=\"style-css-av-mcdh53hs-2f6fd663769bbfcf78016ed0ecca658f\">\n#top .av-special-heading.av-mcdh53hs-2f6fd663769bbfcf78016ed0ecca658f{\nmargin:25px 0 0 0;\npadding-bottom:10px;\n}\nbody .av-special-heading.av-mcdh53hs-2f6fd663769bbfcf78016ed0ecca658f .av-special-heading-tag .heading-char{\nfont-size:25px;\n}\n.av-special-heading.av-mcdh53hs-2f6fd663769bbfcf78016ed0ecca658f .av-subheading{\nfont-size:15px;\n}\n<\/style>\n<div  class='av-special-heading av-mcdh53hs-2f6fd663769bbfcf78016ed0ecca658f av-special-heading-h2 blockquote modern-quote  avia-builder-el-7  el_before_av_textblock  avia-builder-el-first '><h2 class='av-special-heading-tag'  itemprop=\"headline\"  >BENEFICIOS<\/h2><div class=\"special-heading-border\"><div class=\"special-heading-inner-border\"><\/div><\/div><\/div><br \/>\n\n<style type=\"text\/css\" data-created_by=\"avia_inline_auto\" id=\"style-css-av-mcdh5wwb-38db7016424589d4b7ebd9b576f23d57\">\n#top .av_textblock_section.av-mcdh5wwb-38db7016424589d4b7ebd9b576f23d57 .avia_textblock{\nfont-size:16px;\n}\n<\/style>\n<section  class='av_textblock_section av-mcdh5wwb-38db7016424589d4b7ebd9b576f23d57'  itemscope=\"itemscope\" itemtype=\"https:\/\/schema.org\/CreativeWork\" ><div class='avia_textblock'  itemprop=\"text\" ><ul>\n<li>Convierta las cuentas por cobrar en efectivo con un solo clic<\/li>\n<li>Aumentar las ventas \/ Mejorar el flujo de caja<\/li>\n<li>N\u00f3mina \/ Pago a tiempo<\/li>\n<li>Ayuda a las empresas que no son elegibles para el cr\u00e9dito bancario<\/li>\n<li>Reducir el riesgo de cr\u00e9dito<\/li>\n<li>La l\u00ednea de factoring puede aumentar seg\u00fan lo necesite, en funci\u00f3n de las ventas.<\/li>\n<\/ul>\n<\/div><\/section><\/p><\/div><div class='av-column-wrapper-individual av-mobile-columns-flex av-columns-reverse'>\n<style type=\"text\/css\" data-created_by=\"avia_inline_auto\" id=\"style-css-av-15jk54-4010df6e9050e933d96c8b6c270068e2\">\n#top .flex_column.av-15jk54-4010df6e9050e933d96c8b6c270068e2{\nmargin-top:0px;\nmargin-bottom:70px;\n}\n.flex_column.av-15jk54-4010df6e9050e933d96c8b6c270068e2{\nwidth:65.666666666667%;\n-webkit-border-radius:3px 3px 3px 3px;\n-moz-border-radius:3px 3px 3px 3px;\nborder-radius:3px 3px 3px 3px;\npadding:40px 40px 40px 40px;\nbackground-color:#f7f7f7;\n}\n.responsive #top #wrap_all .flex_column.av-15jk54-4010df6e9050e933d96c8b6c270068e2{\nmargin-top:0px;\nmargin-bottom:70px;\n}\n<\/style>\n<div class='flex_column av-15jk54-4010df6e9050e933d96c8b6c270068e2 av_two_third  avia-builder-el-9  el_after_av_two_third  el_before_av_one_third  first flex_column_div av-animated-generic left-to-right column-top-margin'     ><p>\n<style type=\"text\/css\" data-created_by=\"avia_inline_auto\" id=\"style-css-av-mcdhai1p-40bfae248fac323c2ee8ae2016e99d5c\">\n#top .av-special-heading.av-mcdhai1p-40bfae248fac323c2ee8ae2016e99d5c{\nmargin:25px 0 0 0;\npadding-bottom:10px;\n}\nbody .av-special-heading.av-mcdhai1p-40bfae248fac323c2ee8ae2016e99d5c .av-special-heading-tag .heading-char{\nfont-size:25px;\n}\n.av-special-heading.av-mcdhai1p-40bfae248fac323c2ee8ae2016e99d5c .av-subheading{\nfont-size:15px;\n}\n<\/style>\n<div  class='av-special-heading av-mcdhai1p-40bfae248fac323c2ee8ae2016e99d5c av-special-heading-h2 blockquote modern-quote  avia-builder-el-10  el_before_av_textblock  avia-builder-el-first '><h2 class='av-special-heading-tag'  itemprop=\"headline\"  >EXPERIENCIA<\/h2><div class=\"special-heading-border\"><div class=\"special-heading-inner-border\"><\/div><\/div><\/div><br \/>\n\n<style type=\"text\/css\" data-created_by=\"avia_inline_auto\" id=\"style-css-av-mcdha4ss-52f5242beaebc87f680e7c8b43866e04\">\n#top .av_textblock_section.av-mcdha4ss-52f5242beaebc87f680e7c8b43866e04 .avia_textblock{\nfont-size:16px;\n}\n<\/style>\n<section  class='av_textblock_section av-mcdha4ss-52f5242beaebc87f680e7c8b43866e04'  itemscope=\"itemscope\" itemtype=\"https:\/\/schema.org\/CreativeWork\" ><div class='avia_textblock'  itemprop=\"text\" ><p>Contamos <strong>con m\u00e1s de 30 a\u00f1os de experiencia<\/strong> en el negocio de Factoring \/ Confirming y hemos trabajado con una amplia gama de clientes.<\/p>\n<p>Nuestro portafolio est\u00e1 compuesto de las siguientes industrias:<\/p>\n<p>Industrias de:<\/p>\n<ul>\n<li>Alimentos y Bebidas<\/li>\n<li>Productos Vegetales y Flores<\/li>\n<li>Servicios Tecnol\u00f3gicos<\/li>\n<li>Materias Primas<\/li>\n<li>Productos Perecederos<\/li>\n<li>Autom\u00f3viles<\/li>\n<li>Farmac\u00e9uticos<\/li>\n<li>Alimentos Org\u00e1nicos para Mascotas<\/li>\n<li>Industria de La Comercializaci\u00f3n<\/li>\n<li>Agencias de Mercadeo<\/li>\n<li>Agencias de Contrataci\u00f3n<\/li>\n<\/ul>\n<\/div><\/section><\/p><\/div>\n<style type=\"text\/css\" data-created_by=\"avia_inline_auto\" id=\"style-css-av-vwf88-55faee2146db29642d73ebb7a9b24339\">\n#top .flex_column.av-vwf88-55faee2146db29642d73ebb7a9b24339{\nmargin-top:0px;\nmargin-bottom:70px;\n}\n.flex_column.av-vwf88-55faee2146db29642d73ebb7a9b24339{\nwidth:31.333333333333%;\nmargin-left:3%;\n-webkit-border-radius:3px 3px 3px 3px;\n-moz-border-radius:3px 3px 3px 3px;\nborder-radius:3px 3px 3px 3px;\npadding:0px 0px 0px 0px;\nheight:220px;\n}\n.responsive #top #wrap_all .flex_column.av-vwf88-55faee2146db29642d73ebb7a9b24339{\nmargin-top:0px;\nmargin-bottom:70px;\n}\n<\/style>\n<div class='flex_column av-vwf88-55faee2146db29642d73ebb7a9b24339 av_one_third  avia-builder-el-12  el_after_av_two_third  el_before_av_one_third  flex_column_div av-animated-generic left-to-right av-zero-column-padding avia-full-stretch column-top-margin'     ><style type=\"text\/css\" data-created_by=\"avia_inline_auto\" id=\"style-css-av-mcdh9gzw-82becf5537b5b88a2f609d41f550f2eb\">\n.avia-image-container.av-mcdh9gzw-82becf5537b5b88a2f609d41f550f2eb img.avia_image{\nbox-shadow:none;\n}\n.avia-image-container.av-mcdh9gzw-82becf5537b5b88a2f609d41f550f2eb .av-image-caption-overlay-center{\ncolor:#ffffff;\n}\n<\/style>\n<div  class='avia-image-container av-mcdh9gzw-82becf5537b5b88a2f609d41f550f2eb av-styling- avia-align-center  avia-builder-el-13  avia-builder-el-no-sibling '   itemprop=\"image\" itemscope=\"itemscope\" itemtype=\"https:\/\/schema.org\/ImageObject\" ><div class=\"avia-image-container-inner\"><div class=\"avia-image-overlay-wrap\"><img decoding=\"async\" class='wp-image-1413 avia-img-lazy-loading-not-1413 avia_image ' src=\"https:\/\/www.capitalexpress.us\/es\/wp-content\/uploads\/2025\/06\/capital-express-expertise-2.png\" alt='' title='capital-express-expertise-2'  height=\"1024\" width=\"1536\"  itemprop=\"thumbnailUrl\" srcset=\"https:\/\/www.capitalexpress.us\/es\/wp-content\/uploads\/2025\/06\/capital-express-expertise-2.png 1536w, https:\/\/www.capitalexpress.us\/es\/wp-content\/uploads\/2025\/06\/capital-express-expertise-2-300x200.png 300w, https:\/\/www.capitalexpress.us\/es\/wp-content\/uploads\/2025\/06\/capital-express-expertise-2-1030x687.png 1030w, https:\/\/www.capitalexpress.us\/es\/wp-content\/uploads\/2025\/06\/capital-express-expertise-2-768x512.png 768w, https:\/\/www.capitalexpress.us\/es\/wp-content\/uploads\/2025\/06\/capital-express-expertise-2-1500x1000.png 1500w, https:\/\/www.capitalexpress.us\/es\/wp-content\/uploads\/2025\/06\/capital-express-expertise-2-705x470.png 705w\" sizes=\"(max-width: 1536px) 100vw, 1536px\" \/><\/div><\/div><\/div><\/div><\/div><!--close flex column wrapper. Autoclose: 1 -->\n<style type=\"text\/css\" data-created_by=\"avia_inline_auto\" id=\"style-css-av-t9hsg-b067aa3729cd980362a938d0c531100a\">\n#top .flex_column.av-t9hsg-b067aa3729cd980362a938d0c531100a{\nmargin-top:0px;\nmargin-bottom:40px;\n}\n.flex_column.av-t9hsg-b067aa3729cd980362a938d0c531100a{\nwidth:31.333333333333%;\n-webkit-border-radius:3px 3px 3px 3px;\n-moz-border-radius:3px 3px 3px 3px;\nborder-radius:3px 3px 3px 3px;\npadding:0px 0px 0px 0px;\nheight:auto;\nmin-height:240px;\n}\n.responsive #top #wrap_all .flex_column.av-t9hsg-b067aa3729cd980362a938d0c531100a{\nmargin-top:0px;\nmargin-bottom:40px;\n}\n<\/style>\n<div class='flex_column av-t9hsg-b067aa3729cd980362a938d0c531100a av_one_third  avia-builder-el-14  el_after_av_one_third  el_before_av_two_third  first flex_column_div av-animated-generic left-to-right av-zero-column-padding avia-full-stretch column-top-margin'     ><style type=\"text\/css\" data-created_by=\"avia_inline_auto\" id=\"style-css-av-mcdh9p7p-140925b6a6953b7d13cea651a15e88c2\">\n.avia-image-container.av-mcdh9p7p-140925b6a6953b7d13cea651a15e88c2 img.avia_image{\nbox-shadow:none;\n}\n.avia-image-container.av-mcdh9p7p-140925b6a6953b7d13cea651a15e88c2 .av-image-caption-overlay-center{\ncolor:#ffffff;\n}\n<\/style>\n<div  class='avia-image-container av-mcdh9p7p-140925b6a6953b7d13cea651a15e88c2 av-styling- avia-align-center  avia-builder-el-15  avia-builder-el-no-sibling '   itemprop=\"image\" itemscope=\"itemscope\" itemtype=\"https:\/\/schema.org\/ImageObject\" ><div class=\"avia-image-container-inner\"><div class=\"avia-image-overlay-wrap\"><img decoding=\"async\" class='wp-image-1416 avia-img-lazy-loading-not-1416 avia_image ' src=\"https:\/\/www.capitalexpress.us\/es\/wp-content\/uploads\/2025\/06\/capital-express-fast-process.png\" alt='' title='capital-express-fast-process'  height=\"1024\" width=\"1536\"  itemprop=\"thumbnailUrl\" srcset=\"https:\/\/www.capitalexpress.us\/es\/wp-content\/uploads\/2025\/06\/capital-express-fast-process.png 1536w, https:\/\/www.capitalexpress.us\/es\/wp-content\/uploads\/2025\/06\/capital-express-fast-process-300x200.png 300w, https:\/\/www.capitalexpress.us\/es\/wp-content\/uploads\/2025\/06\/capital-express-fast-process-1030x687.png 1030w, https:\/\/www.capitalexpress.us\/es\/wp-content\/uploads\/2025\/06\/capital-express-fast-process-768x512.png 768w, https:\/\/www.capitalexpress.us\/es\/wp-content\/uploads\/2025\/06\/capital-express-fast-process-1500x1000.png 1500w, https:\/\/www.capitalexpress.us\/es\/wp-content\/uploads\/2025\/06\/capital-express-fast-process-705x470.png 705w\" sizes=\"(max-width: 1536px) 100vw, 1536px\" \/><\/div><\/div><\/div><\/div>\n<style type=\"text\/css\" data-created_by=\"avia_inline_auto\" id=\"style-css-av-n2wo8-ea7fd413f5a9a92d2cd4da12b80073f2\">\n#top .flex_column.av-n2wo8-ea7fd413f5a9a92d2cd4da12b80073f2{\nmargin-top:0px;\nmargin-bottom:70px;\n}\n.flex_column.av-n2wo8-ea7fd413f5a9a92d2cd4da12b80073f2{\nwidth:65.666666666667%;\nmargin-left:3%;\n-webkit-border-radius:3px 3px 3px 3px;\n-moz-border-radius:3px 3px 3px 3px;\nborder-radius:3px 3px 3px 3px;\npadding:40px 40px 40px 40px;\nbackground-color:#f7f7f7;\n}\n.responsive #top #wrap_all .flex_column.av-n2wo8-ea7fd413f5a9a92d2cd4da12b80073f2{\nmargin-top:0px;\nmargin-bottom:70px;\n}\n<\/style>\n<div class='flex_column av-n2wo8-ea7fd413f5a9a92d2cd4da12b80073f2 av_two_third  avia-builder-el-16  el_after_av_one_third  avia-builder-el-last  flex_column_div av-animated-generic left-to-right column-top-margin'     ><p>\n<style type=\"text\/css\" data-created_by=\"avia_inline_auto\" id=\"style-css-av-mcdharec-4c8fad0a4130249e603cb46a81c3aa9d\">\n#top .av-special-heading.av-mcdharec-4c8fad0a4130249e603cb46a81c3aa9d{\nmargin:25px 0 0 0;\npadding-bottom:10px;\n}\nbody .av-special-heading.av-mcdharec-4c8fad0a4130249e603cb46a81c3aa9d .av-special-heading-tag .heading-char{\nfont-size:25px;\n}\n.av-special-heading.av-mcdharec-4c8fad0a4130249e603cb46a81c3aa9d .av-subheading{\nfont-size:15px;\n}\n<\/style>\n<div  class='av-special-heading av-mcdharec-4c8fad0a4130249e603cb46a81c3aa9d av-special-heading-h2 blockquote modern-quote  avia-builder-el-17  el_before_av_textblock  avia-builder-el-first '><h2 class='av-special-heading-tag'  itemprop=\"headline\"  >PROCESO R\u00c1PIDO<\/h2><div class=\"special-heading-border\"><div class=\"special-heading-inner-border\"><\/div><\/div><\/div><br \/>\n\n<style type=\"text\/css\" data-created_by=\"avia_inline_auto\" id=\"style-css-av-mcdhb1gj-3f40ca64ea4e692e7fa8d6393470fa84\">\n#top .av_textblock_section.av-mcdhb1gj-3f40ca64ea4e692e7fa8d6393470fa84 .avia_textblock{\nfont-size:16px;\n}\n<\/style>\n<section  class='av_textblock_section av-mcdhb1gj-3f40ca64ea4e692e7fa8d6393470fa84'  itemscope=\"itemscope\" itemtype=\"https:\/\/schema.org\/CreativeWork\" ><div class='avia_textblock'  itemprop=\"text\" ><p><strong>Recibe el primer desembolso en menos de 1 semana<\/strong><\/p>\n<p><strong>PASO 1: <\/strong><br \/>\nArchivo Registro en l\u00ednea<\/p>\n<p><strong> PASO 2:<\/strong><br \/>\nAprobaci\u00f3n de los compradores<\/p>\n<p><strong>PASO 3: <\/strong><br \/>\nCapital Express le har\u00e1 una propuesta<\/p>\n<p><strong> PASO 4: <\/strong><br \/>\nRecibir\u00e1s tu primer desembolso<\/p>\n<\/div><\/section><\/p><\/div>\n\n<\/div><\/div><\/div><!-- close content main div --><\/div><\/div>\n<style type=\"text\/css\" data-created_by=\"avia_inline_auto\" id=\"style-css-av-d16ao-49ee791d3368d8c85d3ca6f9ae34ec94\">\n.avia-section.av-d16ao-49ee791d3368d8c85d3ca6f9ae34ec94{\nbackground-color:#53c2b4;\nbackground-image:unset;\nmargin-top:0px;\nmargin-bottom:40px;\n}\n.avia-section.av-d16ao-49ee791d3368d8c85d3ca6f9ae34ec94 .av-section-color-overlay{\nopacity:0.6;\n}\n<\/style>\n<div id='av_section_3'  class='avia-section av-d16ao-49ee791d3368d8c85d3ca6f9ae34ec94 main_color avia-section-default avia-no-border-styling  avia-builder-el-19  el_after_av_section  avia-builder-el-last  avia-bg-style-scroll av-section-color-overlay-active container_wrap fullsize'  ><div class=\"av-section-color-overlay-wrap\"><div class=\"av-section-color-overlay\"><\/div><div class='container av-section-cont-open' ><div class='template-page content  av-content-full alpha units'><div class='post-entry post-entry-type-page post-entry-824'><div class='entry-content-wrapper clearfix'>\n\n<style type=\"text\/css\" data-created_by=\"avia_inline_auto\" id=\"style-css-av-8jiuo-70f5a72ee9d3ebfd4e5749e0ee25fed9\">\n#top .flex_column.av-8jiuo-70f5a72ee9d3ebfd4e5749e0ee25fed9{\nmargin-top:0px;\nmargin-bottom:0px;\n}\n.flex_column.av-8jiuo-70f5a72ee9d3ebfd4e5749e0ee25fed9{\n-webkit-border-radius:0px 0px 0px 0px;\n-moz-border-radius:0px 0px 0px 0px;\nborder-radius:0px 0px 0px 0px;\npadding:0px 0px 0px 0px;\n}\n.responsive #top #wrap_all .flex_column.av-8jiuo-70f5a72ee9d3ebfd4e5749e0ee25fed9{\nmargin-top:0px;\nmargin-bottom:0px;\n}\n<\/style>\n<div class='flex_column av-8jiuo-70f5a72ee9d3ebfd4e5749e0ee25fed9 av_one_full  avia-builder-el-20  avia-builder-el-no-sibling  first flex_column_div av-animated-generic left-to-right av-zero-column-padding '     ><div  class='avia-button-wrap av-mcdhbncf-10822cb09d87145834bd221123162703-wrap avia-button-center  avia-builder-el-21  avia-builder-el-no-sibling ' >\n<style type=\"text\/css\" data-created_by=\"avia_inline_auto\" id=\"style-css-av-mcdhbncf-10822cb09d87145834bd221123162703\">\n#top #wrap_all .avia-button.av-mcdhbncf-10822cb09d87145834bd221123162703{\nbackground-color:#000000;\nborder-color:#000000;\ncolor:#ffffff;\n-webkit-transition:all 0.4s ease-in-out;\n-moz-transition:all 0.4s ease-in-out;\n-ms-transition:all 0.4s ease-in-out;\n-o-transition:all 0.4s ease-in-out;\ntransition:all 0.4s ease-in-out;\n}\n<\/style>\n<a href='https:\/\/www.capitalexpress.us\/es\/contactenos\/'  class='avia-button av-mcdhbncf-10822cb09d87145834bd221123162703 avia-icon_select-yes-right-icon avia-size-large avia-position-center av-icon-on-hover' ><span class='avia_iconbox_title' >APLICA AHORA<\/span><span class='avia_button_icon avia_button_icon_right' aria-hidden='true' data-av_icon='\ue879' data-av_iconfont='entypo-fontello'><\/span><\/a><\/div><\/div>\n\n","protected":false},"excerpt":{"rendered":"","protected":false},"author":1,"featured_media":0,"parent":0,"menu_order":0,"comment_status":"closed","ping_status":"closed","template":"","meta":{"inline_featured_image":false,"footnotes":""},"class_list":["post-824","page","type-page","status-publish","hentry"],"_links":{"self":[{"href":"https:\/\/www.capitalexpress.us\/es\/wp-json\/wp\/v2\/pages\/824","targetHints":{"allow":["GET"]}}],"collection":[{"href":"https:\/\/www.capitalexpress.us\/es\/wp-json\/wp\/v2\/pages"}],"about":[{"href":"https:\/\/www.capitalexpress.us\/es\/wp-json\/wp\/v2\/types\/page"}],"author":[{"embeddable":true,"href":"https:\/\/www.capitalexpress.us\/es\/wp-json\/wp\/v2\/users\/1"}],"replies":[{"embeddable":true,"href":"https:\/\/www.capitalexpress.us\/es\/wp-json\/wp\/v2\/comments?post=824"}],"version-history":[{"count":47,"href":"https:\/\/www.capitalexpress.us\/es\/wp-json\/wp\/v2\/pages\/824\/revisions"}],"predecessor-version":[{"id":1443,"href":"https:\/\/www.capitalexpress.us\/es\/wp-json\/wp\/v2\/pages\/824\/revisions\/1443"}],"wp:attachment":[{"href":"https:\/\/www.capitalexpress.us\/es\/wp-json\/wp\/v2\/media?parent=824"}],"curies":[{"name":"wp","href":"https:\/\/api.w.org\/{rel}","templated":true}]}}