{"id":814,"date":"2018-05-03T15:17:53","date_gmt":"2018-05-03T15:17:53","guid":{"rendered":"http:\/\/wpoffice\/enfold-lawyer\/?page_id=814"},"modified":"2025-06-26T11:38:15","modified_gmt":"2025-06-26T16:38:15","slug":"equipo-directivo","status":"publish","type":"page","link":"https:\/\/www.capitalexpress.us\/es\/nosotros\/equipo-directivo\/","title":{"rendered":"Equipo Directivo"},"content":{"rendered":"\n<style type=\"text\/css\" data-created_by=\"avia_inline_auto\" id=\"style-css-av-mcdhork7-0505ffbc3db78a394d2f290e9568c6aa\">\n.avia-section.av-mcdhork7-0505ffbc3db78a394d2f290e9568c6aa{\nbackground-repeat:no-repeat;\nbackground-image:url(https:\/\/www.capitalexpress.us\/es\/wp-content\/uploads\/2025\/06\/capital-express-solutions-bg.jpg);\nbackground-position:50% 50%;\nbackground-attachment:scroll;\n}\n.avia-section.av-mcdhork7-0505ffbc3db78a394d2f290e9568c6aa .av-section-color-overlay{\nopacity:0.3;\nbackground-color:#0a0101;\n}\n<\/style>\n<div id='av_section_1'  class='avia-section av-mcdhork7-0505ffbc3db78a394d2f290e9568c6aa main_color avia-section-default avia-no-border-styling  avia-builder-el-0  el_before_av_layout_row  avia-builder-el-first  avia-full-stretch avia-bg-style-scroll av-section-color-overlay-active av-minimum-height av-minimum-height-custom  container_wrap fullsize'  data-section-bg-repeat='stretch' data-av_minimum_height_px='280'><div class=\"av-section-color-overlay-wrap\"><div class=\"av-section-color-overlay\"><\/div><div class='container av-section-cont-open' style='height:280px'><main  role=\"main\" itemprop=\"mainContentOfPage\"  class='template-page content  av-content-full alpha units'><div class='post-entry post-entry-type-page post-entry-814'><div class='entry-content-wrapper clearfix'>\n\n<style type=\"text\/css\" data-created_by=\"avia_inline_auto\" id=\"style-css-av-cv7s6-2ac9225e694c61f47cdf57a41e38b999\">\n#top .flex_column.av-cv7s6-2ac9225e694c61f47cdf57a41e38b999{\nmargin-top:0px;\nmargin-bottom:0px;\n}\n.flex_column.av-cv7s6-2ac9225e694c61f47cdf57a41e38b999{\n-webkit-border-radius:0px 0px 0px 0px;\n-moz-border-radius:0px 0px 0px 0px;\nborder-radius:0px 0px 0px 0px;\npadding:0px 0px 0px 0px;\n}\n.responsive #top #wrap_all .flex_column.av-cv7s6-2ac9225e694c61f47cdf57a41e38b999{\nmargin-top:0px;\nmargin-bottom:0px;\n}\n<\/style>\n<div class='flex_column av-cv7s6-2ac9225e694c61f47cdf57a41e38b999 av_one_full  avia-builder-el-1  avia-builder-el-no-sibling  first flex_column_div av-animated-generic left-to-right av-zero-column-padding '     ><style type=\"text\/css\" data-created_by=\"avia_inline_auto\" id=\"style-css-av-mcdhq3lq-ea00db6d1024f222201033053e89d28e\">\n#top .av-special-heading.av-mcdhq3lq-ea00db6d1024f222201033053e89d28e{\nmargin:0 0 0 0;\npadding-bottom:0;\ncolor:#ffffff;\nfont-size:3vw;\n}\nbody .av-special-heading.av-mcdhq3lq-ea00db6d1024f222201033053e89d28e .av-special-heading-tag .heading-char{\nfont-size:25px;\n}\n#top #wrap_all .av-special-heading.av-mcdhq3lq-ea00db6d1024f222201033053e89d28e .av-special-heading-tag{\nfont-size:3vw;\n}\n.av-special-heading.av-mcdhq3lq-ea00db6d1024f222201033053e89d28e .special-heading-inner-border{\nborder-color:#ffffff;\n}\n.av-special-heading.av-mcdhq3lq-ea00db6d1024f222201033053e89d28e .av-subheading{\nfont-size:25px;\n}\n\n@media only screen and (min-width: 768px) and (max-width: 989px){ \n#top #wrap_all .av-special-heading.av-mcdhq3lq-ea00db6d1024f222201033053e89d28e .av-special-heading-tag{\nfont-size:24px;\n}\n}\n\n@media only screen and (min-width: 480px) and (max-width: 767px){ \n#top #wrap_all .av-special-heading.av-mcdhq3lq-ea00db6d1024f222201033053e89d28e .av-special-heading-tag{\nfont-size:24px;\n}\n}\n\n@media only screen and (max-width: 479px){ \n#top #wrap_all .av-special-heading.av-mcdhq3lq-ea00db6d1024f222201033053e89d28e .av-special-heading-tag{\nfont-size:24px;\n}\n}\n<\/style>\n<div  class='av-special-heading av-mcdhq3lq-ea00db6d1024f222201033053e89d28e av-special-heading-h1 custom-color-heading blockquote modern-quote modern-centered  avia-builder-el-2  avia-builder-el-no-sibling  av-inherit-size'><h1 class='av-special-heading-tag'  itemprop=\"headline\"  >Equipo Directivo<\/h1><div class=\"special-heading-border\"><div class=\"special-heading-inner-border\"><\/div><\/div><\/div><\/div>\n\n<\/div><\/div><\/main><!-- close content main element --><\/div><\/div><\/div><div id='av-layout-grid-1'  class='av-layout-grid-container av-81u0ml-c86c8ba1ebfcfde64938c0665b20e1b5 entry-content-wrapper main_color av-flex-cells  avia-builder-el-3  el_after_av_section  el_before_av_section  grid-row-not-first  container_wrap fullsize'  >\n\n<style type=\"text\/css\" data-created_by=\"avia_inline_auto\" id=\"style-css-av-7pnuph-77decd30caa973e922ded4c3b7381b25\">\n.flex_cell.av-7pnuph-77decd30caa973e922ded4c3b7381b25{\nvertical-align:middle;\n}\n.responsive #top #wrap_all .flex_cell.av-7pnuph-77decd30caa973e922ded4c3b7381b25{\npadding:60px 60px 60px 60px !important;\n}\n<\/style>\n<div class='flex_cell av-7pnuph-77decd30caa973e922ded4c3b7381b25 av-gridrow-cell av_one_fourth no_margin  avia-builder-el-4  el_before_av_cell_one_half  avia-builder-el-first ' ><div class='flex_cell_inner'><\/div><\/div>\n<style type=\"text\/css\" data-created_by=\"avia_inline_auto\" id=\"style-css-av-1k5dx2-80f37a09ecafe695c9404a460d0f3f58\">\n.flex_cell.av-1k5dx2-80f37a09ecafe695c9404a460d0f3f58{\nvertical-align:middle;\n}\n.responsive #top #wrap_all .flex_cell.av-1k5dx2-80f37a09ecafe695c9404a460d0f3f58{\npadding:60px 60px 60px 60px !important;\n}\n<\/style>\n<div class='flex_cell av-1k5dx2-80f37a09ecafe695c9404a460d0f3f58 av-gridrow-cell av_one_half no_margin  avia-builder-el-5  el_after_av_cell_one_fourth  el_before_av_cell_one_fourth ' ><div class='flex_cell_inner'><p>\n<style type=\"text\/css\" data-created_by=\"avia_inline_auto\" id=\"style-css-av-l4ownzc3-b2ad19fea592cefa14a79f52daa4b00e\">\n#top .av-special-heading.av-l4ownzc3-b2ad19fea592cefa14a79f52daa4b00e{\npadding-bottom:10px;\ncolor:#2ad2c9;\nfont-size:30px;\n}\nbody .av-special-heading.av-l4ownzc3-b2ad19fea592cefa14a79f52daa4b00e .av-special-heading-tag .heading-char{\nfont-size:25px;\n}\n#top #wrap_all .av-special-heading.av-l4ownzc3-b2ad19fea592cefa14a79f52daa4b00e .av-special-heading-tag{\nfont-size:30px;\n}\n.av-special-heading.av-l4ownzc3-b2ad19fea592cefa14a79f52daa4b00e .special-heading-inner-border{\nborder-color:#2ad2c9;\n}\n.av-special-heading.av-l4ownzc3-b2ad19fea592cefa14a79f52daa4b00e .av-subheading{\nfont-size:15px;\n}\n\n@media only screen and (min-width: 480px) and (max-width: 767px){ \n#top #wrap_all .av-special-heading.av-l4ownzc3-b2ad19fea592cefa14a79f52daa4b00e .av-special-heading-tag{\nfont-size:0.8em;\n}\n}\n\n@media only screen and (max-width: 479px){ \n#top #wrap_all .av-special-heading.av-l4ownzc3-b2ad19fea592cefa14a79f52daa4b00e .av-special-heading-tag{\nfont-size:0.8em;\n}\n}\n<\/style>\n<div  class='av-special-heading av-l4ownzc3-b2ad19fea592cefa14a79f52daa4b00e av-special-heading-h3 custom-color-heading blockquote modern-quote  avia-builder-el-6  el_before_av_textblock  avia-builder-el-first  av-inherit-size'><h3 class='av-special-heading-tag'  itemprop=\"headline\"  >ALVARO ZULUAGA<\/h3><div class='av_custom_color av-subheading av-subheading_below'><p>(Presidente)<\/p>\n<\/div><div class=\"special-heading-border\"><div class=\"special-heading-inner-border\"><\/div><\/div><\/div><br \/>\n\n<style type=\"text\/css\" data-created_by=\"avia_inline_auto\" id=\"style-css-av-l4oworql-976278be4a459e7b8170a9c2395f6760\">\n#top .av_textblock_section.av-l4oworql-976278be4a459e7b8170a9c2395f6760 .avia_textblock{\nfont-size:16px;\n}\n<\/style>\n<section  class='av_textblock_section av-l4oworql-976278be4a459e7b8170a9c2395f6760'  itemscope=\"itemscope\" itemtype=\"https:\/\/schema.org\/CreativeWork\" ><div class='avia_textblock'  itemprop=\"text\" ><p>Administrador de Empresas con un amplio conocimiento de la industria financiera. Responsable de la fundaci\u00f3n de dos empresas en EE.UU., especializadas en operaciones de Factoring y Confirming.<\/p>\n<ul>\n<li>Tel\u00e9fono: <a href=\"tel:+1 (786) 208 8477\">+1 (786) 208 8477<\/a><\/li>\n<li>Email: <a href=\"mailto:az@capitalexpress.us\">az@capitalexpress.us<\/a><\/li>\n<\/ul>\n<\/div><\/section><br \/>\n\n<style type=\"text\/css\" data-created_by=\"avia_inline_auto\" id=\"style-css-av-l85v9nnv-e18750f6fffc55f74aa4c8f6e436e104\">\n#top .av-special-heading.av-l85v9nnv-e18750f6fffc55f74aa4c8f6e436e104{\npadding-bottom:10px;\ncolor:#2ad2c9;\nfont-size:30px;\n}\nbody .av-special-heading.av-l85v9nnv-e18750f6fffc55f74aa4c8f6e436e104 .av-special-heading-tag .heading-char{\nfont-size:25px;\n}\n#top #wrap_all .av-special-heading.av-l85v9nnv-e18750f6fffc55f74aa4c8f6e436e104 .av-special-heading-tag{\nfont-size:30px;\n}\n.av-special-heading.av-l85v9nnv-e18750f6fffc55f74aa4c8f6e436e104 .special-heading-inner-border{\nborder-color:#2ad2c9;\n}\n.av-special-heading.av-l85v9nnv-e18750f6fffc55f74aa4c8f6e436e104 .av-subheading{\nfont-size:15px;\n}\n\n@media only screen and (min-width: 480px) and (max-width: 767px){ \n#top #wrap_all .av-special-heading.av-l85v9nnv-e18750f6fffc55f74aa4c8f6e436e104 .av-special-heading-tag{\nfont-size:0.8em;\n}\n}\n\n@media only screen and (max-width: 479px){ \n#top #wrap_all .av-special-heading.av-l85v9nnv-e18750f6fffc55f74aa4c8f6e436e104 .av-special-heading-tag{\nfont-size:0.8em;\n}\n}\n<\/style>\n<div  class='av-special-heading av-l85v9nnv-e18750f6fffc55f74aa4c8f6e436e104 av-special-heading-h3 custom-color-heading blockquote modern-quote  avia-builder-el-8  el_after_av_textblock  el_before_av_textblock  av-inherit-size'><h3 class='av-special-heading-tag'  itemprop=\"headline\"  >GONZALO PARRAL<\/h3><div class='av_custom_color av-subheading av-subheading_below'><p>(Presidente)<\/p>\n<\/div><div class=\"special-heading-border\"><div class=\"special-heading-inner-border\"><\/div><\/div><\/div><br \/>\n\n<style type=\"text\/css\" data-created_by=\"avia_inline_auto\" id=\"style-css-av-l85va6ch-c5d452668843374f9c970b6226e696ba\">\n#top .av_textblock_section.av-l85va6ch-c5d452668843374f9c970b6226e696ba .avia_textblock{\nfont-size:16px;\n}\n<\/style>\n<section  class='av_textblock_section av-l85va6ch-c5d452668843374f9c970b6226e696ba'  itemscope=\"itemscope\" itemtype=\"https:\/\/schema.org\/CreativeWork\" ><div class='avia_textblock'  itemprop=\"text\" ><p>25 a\u00f1os de experiencia en servicios financieros y Banca en Estados Unidos y Latam. Fue CEO y Country Head de Scotiabank Rep\u00fablica Dominicana. Ingeniero Industrial con MBA de Tuck School of Business en Dartmouth.<\/p>\n<ul>\n<li>Tel\u00e9fono: <a href=\"tel:+447916443086\">+1 (305) 600 5932<\/a><\/li>\n<li>Email: <a href=\"mailto:mir@capitalexpress.us\" target=\"_blank\" rel=\"noopener\">gp@capitalexpress.us<\/a><\/li>\n<\/ul>\n<\/div><\/section><br \/>\n\n<style type=\"text\/css\" data-created_by=\"avia_inline_auto\" id=\"style-css-av-1datdi-a02719259adb78dc91beae141e9037c1\">\n#top .av-special-heading.av-1datdi-a02719259adb78dc91beae141e9037c1{\npadding-bottom:10px;\ncolor:#2ad2c9;\nfont-size:30px;\n}\nbody .av-special-heading.av-1datdi-a02719259adb78dc91beae141e9037c1 .av-special-heading-tag .heading-char{\nfont-size:25px;\n}\n#top #wrap_all .av-special-heading.av-1datdi-a02719259adb78dc91beae141e9037c1 .av-special-heading-tag{\nfont-size:30px;\n}\n.av-special-heading.av-1datdi-a02719259adb78dc91beae141e9037c1 .special-heading-inner-border{\nborder-color:#2ad2c9;\n}\n.av-special-heading.av-1datdi-a02719259adb78dc91beae141e9037c1 .av-subheading{\nfont-size:15px;\n}\n\n@media only screen and (min-width: 480px) and (max-width: 767px){ \n#top #wrap_all .av-special-heading.av-1datdi-a02719259adb78dc91beae141e9037c1 .av-special-heading-tag{\nfont-size:0.8em;\n}\n}\n\n@media only screen and (max-width: 479px){ \n#top #wrap_all .av-special-heading.av-1datdi-a02719259adb78dc91beae141e9037c1 .av-special-heading-tag{\nfont-size:0.8em;\n}\n}\n<\/style>\n<div  class='av-special-heading av-1datdi-a02719259adb78dc91beae141e9037c1 av-special-heading-h3 custom-color-heading blockquote modern-quote  avia-builder-el-10  el_after_av_textblock  el_before_av_textblock  av-inherit-size'><h3 class='av-special-heading-tag'  itemprop=\"headline\"  >MARIA ALEJANDRA MARTINEZ<\/h3><div class='av_custom_color av-subheading av-subheading_below'><p>(Gerente General)<\/p>\n<\/div><div class=\"special-heading-border\"><div class=\"special-heading-inner-border\"><\/div><\/div><\/div><br \/>\n\n<style type=\"text\/css\" data-created_by=\"avia_inline_auto\" id=\"style-css-av-178k4e-8f7b2865456c0a9c70e80d6c94042cfa\">\n#top .av_textblock_section.av-178k4e-8f7b2865456c0a9c70e80d6c94042cfa .avia_textblock{\nfont-size:16px;\n}\n<\/style>\n<section  class='av_textblock_section av-178k4e-8f7b2865456c0a9c70e80d6c94042cfa'  itemscope=\"itemscope\" itemtype=\"https:\/\/schema.org\/CreativeWork\" ><div class='avia_textblock'  itemprop=\"text\" ><p>Ingeniera industrial con experiencia en gesti\u00f3n estrat\u00e9gica en la industria de bienes de consumo de r\u00e1pido movimiento en multinacionales.<\/p>\n<ul>\n<li>Tel\u00e9fono: <a href=\"tel:+1 (305) 600 4449\">+1 (305) 600 4449<\/a><\/li>\n<li>Email: <a href=\"mailto:mam@capitalexpress.us\">mam@capitalexpress.us<\/a><\/li>\n<\/ul>\n<\/div><\/section><br \/>\n\n<style type=\"text\/css\" data-created_by=\"avia_inline_auto\" id=\"style-css-av-l6hz0cfj-5fedc03ffbce0d46d59dd7e047ac68ed\">\n#top .av-special-heading.av-l6hz0cfj-5fedc03ffbce0d46d59dd7e047ac68ed{\npadding-bottom:10px;\ncolor:#2ad2c9;\nfont-size:30px;\n}\nbody .av-special-heading.av-l6hz0cfj-5fedc03ffbce0d46d59dd7e047ac68ed .av-special-heading-tag .heading-char{\nfont-size:25px;\n}\n#top #wrap_all .av-special-heading.av-l6hz0cfj-5fedc03ffbce0d46d59dd7e047ac68ed .av-special-heading-tag{\nfont-size:30px;\n}\n.av-special-heading.av-l6hz0cfj-5fedc03ffbce0d46d59dd7e047ac68ed .special-heading-inner-border{\nborder-color:#2ad2c9;\n}\n.av-special-heading.av-l6hz0cfj-5fedc03ffbce0d46d59dd7e047ac68ed .av-subheading{\nfont-size:15px;\n}\n\n@media only screen and (min-width: 480px) and (max-width: 767px){ \n#top #wrap_all .av-special-heading.av-l6hz0cfj-5fedc03ffbce0d46d59dd7e047ac68ed .av-special-heading-tag{\nfont-size:0.8em;\n}\n}\n\n@media only screen and (max-width: 479px){ \n#top #wrap_all .av-special-heading.av-l6hz0cfj-5fedc03ffbce0d46d59dd7e047ac68ed .av-special-heading-tag{\nfont-size:0.8em;\n}\n}\n<\/style>\n<div  class='av-special-heading av-l6hz0cfj-5fedc03ffbce0d46d59dd7e047ac68ed av-special-heading-h3 custom-color-heading blockquote modern-quote  avia-builder-el-12  el_after_av_textblock  el_before_av_textblock  av-inherit-size'><h3 class='av-special-heading-tag'  itemprop=\"headline\"  >MARIA VICTORIA CARDOZO<\/h3><div class='av_custom_color av-subheading av-subheading_below'><p>(Directora Financiera)<\/p>\n<\/div><div class=\"special-heading-border\"><div class=\"special-heading-inner-border\"><\/div><\/div><\/div><br \/>\n\n<style type=\"text\/css\" data-created_by=\"avia_inline_auto\" id=\"style-css-av-l6hz22ta-a4e31cebcf2c9a272271bd416743e80c\">\n#top .av_textblock_section.av-l6hz22ta-a4e31cebcf2c9a272271bd416743e80c .avia_textblock{\nfont-size:16px;\n}\n<\/style>\n<section  class='av_textblock_section av-l6hz22ta-a4e31cebcf2c9a272271bd416743e80c'  itemscope=\"itemscope\" itemtype=\"https:\/\/schema.org\/CreativeWork\" ><div class='avia_textblock'  itemprop=\"text\" ><p>Contadora publica con MBA, experiencia en Gerencia Financiera trabajando en empresas nacionales y multinacionales de diferentes sectores industriales.<\/p>\n<ul>\n<li>Tel\u00e9fono: <a href=\"tel:+13058090007\">+1 (305) 809 0007<\/a><\/li>\n<li>Email: <a href=\"mailto:mvc@capitalexpress.us\">mvc@capitalexpress.us<\/a><\/li>\n<\/ul>\n<\/div><\/section><br \/>\n\n<style type=\"text\/css\" data-created_by=\"avia_inline_auto\" id=\"style-css-av-l4ox4w3s-dec338abce9bb0a3c24af5a5d8b7abc8\">\n#top .av-special-heading.av-l4ox4w3s-dec338abce9bb0a3c24af5a5d8b7abc8{\npadding-bottom:10px;\ncolor:#2ad2c9;\nfont-size:30px;\n}\nbody .av-special-heading.av-l4ox4w3s-dec338abce9bb0a3c24af5a5d8b7abc8 .av-special-heading-tag .heading-char{\nfont-size:25px;\n}\n#top #wrap_all .av-special-heading.av-l4ox4w3s-dec338abce9bb0a3c24af5a5d8b7abc8 .av-special-heading-tag{\nfont-size:30px;\n}\n.av-special-heading.av-l4ox4w3s-dec338abce9bb0a3c24af5a5d8b7abc8 .special-heading-inner-border{\nborder-color:#2ad2c9;\n}\n.av-special-heading.av-l4ox4w3s-dec338abce9bb0a3c24af5a5d8b7abc8 .av-subheading{\nfont-size:15px;\n}\n\n@media only screen and (min-width: 480px) and (max-width: 767px){ \n#top #wrap_all .av-special-heading.av-l4ox4w3s-dec338abce9bb0a3c24af5a5d8b7abc8 .av-special-heading-tag{\nfont-size:0.8em;\n}\n}\n\n@media only screen and (max-width: 479px){ \n#top #wrap_all .av-special-heading.av-l4ox4w3s-dec338abce9bb0a3c24af5a5d8b7abc8 .av-special-heading-tag{\nfont-size:0.8em;\n}\n}\n<\/style>\n<div  class='av-special-heading av-l4ox4w3s-dec338abce9bb0a3c24af5a5d8b7abc8 av-special-heading-h3 custom-color-heading blockquote modern-quote  avia-builder-el-14  el_after_av_textblock  el_before_av_textblock  av-inherit-size'><h3 class='av-special-heading-tag'  itemprop=\"headline\"  >ANGELA MARIA SAAVEDRA<\/h3><div class='av_custom_color av-subheading av-subheading_below'><p>(Directora de Operaciones)<\/p>\n<\/div><div class=\"special-heading-border\"><div class=\"special-heading-inner-border\"><\/div><\/div><\/div><br \/>\n\n<style type=\"text\/css\" data-created_by=\"avia_inline_auto\" id=\"style-css-av-l4ox5hsm-ace69e1853e7325c63f36b75695beab6\">\n#top .av_textblock_section.av-l4ox5hsm-ace69e1853e7325c63f36b75695beab6 .avia_textblock{\nfont-size:16px;\n}\n<\/style>\n<section  class='av_textblock_section av-l4ox5hsm-ace69e1853e7325c63f36b75695beab6'  itemscope=\"itemscope\" itemtype=\"https:\/\/schema.org\/CreativeWork\" ><div class='avia_textblock'  itemprop=\"text\" ><p>Economista con \u00e9nfasis en Negocios Internacionales, Maestria en Mercadeo con experiencia en operaciones estrat\u00e9gicas, de productos y operaciones financieras en la industria Bancaria.<\/p>\n<ul>\n<li>Tel\u00e9fono: <a href=\"tel:+1 (786) 406 6031\">+1 (786) 406 6031<\/a><\/li>\n<li>Email: <a href=\"mailto:ams@capitalexpress.us\">ams@capitalexpress.us<\/a><\/li>\n<\/ul>\n<\/div><\/section><br \/>\n\n<style type=\"text\/css\" data-created_by=\"avia_inline_auto\" id=\"style-css-av-l4ox5utz-b69e1cc446f4a6a0a54540366f06e5c7\">\n#top .av-special-heading.av-l4ox5utz-b69e1cc446f4a6a0a54540366f06e5c7{\npadding-bottom:10px;\ncolor:#2ad2c9;\nfont-size:30px;\n}\nbody .av-special-heading.av-l4ox5utz-b69e1cc446f4a6a0a54540366f06e5c7 .av-special-heading-tag .heading-char{\nfont-size:25px;\n}\n#top #wrap_all .av-special-heading.av-l4ox5utz-b69e1cc446f4a6a0a54540366f06e5c7 .av-special-heading-tag{\nfont-size:30px;\n}\n.av-special-heading.av-l4ox5utz-b69e1cc446f4a6a0a54540366f06e5c7 .special-heading-inner-border{\nborder-color:#2ad2c9;\n}\n.av-special-heading.av-l4ox5utz-b69e1cc446f4a6a0a54540366f06e5c7 .av-subheading{\nfont-size:15px;\n}\n\n@media only screen and (min-width: 480px) and (max-width: 767px){ \n#top #wrap_all .av-special-heading.av-l4ox5utz-b69e1cc446f4a6a0a54540366f06e5c7 .av-special-heading-tag{\nfont-size:0.8em;\n}\n}\n\n@media only screen and (max-width: 479px){ \n#top #wrap_all .av-special-heading.av-l4ox5utz-b69e1cc446f4a6a0a54540366f06e5c7 .av-special-heading-tag{\nfont-size:0.8em;\n}\n}\n<\/style>\n<div  class='av-special-heading av-l4ox5utz-b69e1cc446f4a6a0a54540366f06e5c7 av-special-heading-h3 custom-color-heading blockquote modern-quote  avia-builder-el-16  el_after_av_textblock  el_before_av_textblock  av-inherit-size'><h3 class='av-special-heading-tag'  itemprop=\"headline\"  >MARTINA ZULUAGA<\/h3><div class='av_custom_color av-subheading av-subheading_below'><p>(Directora de Mercadeo)<\/p>\n<\/div><div class=\"special-heading-border\"><div class=\"special-heading-inner-border\"><\/div><\/div><\/div><br \/>\n\n<style type=\"text\/css\" data-created_by=\"avia_inline_auto\" id=\"style-css-av-l4ox6aoe-8b9e52d2b3cc3423089f4eea26724d96\">\n#top .av_textblock_section.av-l4ox6aoe-8b9e52d2b3cc3423089f4eea26724d96 .avia_textblock{\nfont-size:16px;\n}\n<\/style>\n<section  class='av_textblock_section av-l4ox6aoe-8b9e52d2b3cc3423089f4eea26724d96'  itemscope=\"itemscope\" itemtype=\"https:\/\/schema.org\/CreativeWork\" ><div class='avia_textblock'  itemprop=\"text\" ><p>Licenciatura en Ciencias de la Comunicaci\u00f3n con un enfoque en Defensor\u00eda\u00a0<span style=\"color: #707070;\">P\u00fablica,\u00a0<\/span>en conjunto especializaci\u00f3n en Relaciones P\u00fablicas y Arte. Experiencia como Directora de Mercadeo y Coordinadora de Relaciones P\u00fablicas.<\/p>\n<ul>\n<li>Tel\u00e9fono: <a href=\"tel:+1 (305) 744 2408\">+1 (305) 744 2408<\/a><\/li>\n<li>Email: <a href=\"mailto:mz@capitalexpress.us\">mz@capitalexpress.us<\/a><\/li>\n<\/ul>\n<\/div><\/section><br \/>\n\n<style type=\"text\/css\" data-created_by=\"avia_inline_auto\" id=\"style-css-av-mcdhrrbr-35e93cb07770727c70b278918a0d394a\">\n#top .av-special-heading.av-mcdhrrbr-35e93cb07770727c70b278918a0d394a{\npadding-bottom:10px;\ncolor:#2ad2c9;\nfont-size:30px;\n}\nbody .av-special-heading.av-mcdhrrbr-35e93cb07770727c70b278918a0d394a .av-special-heading-tag .heading-char{\nfont-size:25px;\n}\n#top #wrap_all .av-special-heading.av-mcdhrrbr-35e93cb07770727c70b278918a0d394a .av-special-heading-tag{\nfont-size:30px;\n}\n.av-special-heading.av-mcdhrrbr-35e93cb07770727c70b278918a0d394a .special-heading-inner-border{\nborder-color:#2ad2c9;\n}\n.av-special-heading.av-mcdhrrbr-35e93cb07770727c70b278918a0d394a .av-subheading{\nfont-size:15px;\n}\n\n@media only screen and (min-width: 480px) and (max-width: 767px){ \n#top #wrap_all .av-special-heading.av-mcdhrrbr-35e93cb07770727c70b278918a0d394a .av-special-heading-tag{\nfont-size:0.8em;\n}\n}\n\n@media only screen and (max-width: 479px){ \n#top #wrap_all .av-special-heading.av-mcdhrrbr-35e93cb07770727c70b278918a0d394a .av-special-heading-tag{\nfont-size:0.8em;\n}\n}\n<\/style>\n<div  class='av-special-heading av-mcdhrrbr-35e93cb07770727c70b278918a0d394a av-special-heading-h3 custom-color-heading blockquote modern-quote  avia-builder-el-18  el_after_av_textblock  el_before_av_textblock  av-inherit-size'><h3 class='av-special-heading-tag'  itemprop=\"headline\"  >SANTIAGO ZULUAGA <\/h3><div class='av_custom_color av-subheading av-subheading_below'><p>(Business Development Officer)<\/p>\n<\/div><div class=\"special-heading-border\"><div class=\"special-heading-inner-border\"><\/div><\/div><\/div><br \/>\n\n<style type=\"text\/css\" data-created_by=\"avia_inline_auto\" id=\"style-css-av-mcdhrd1c-28d4bc8a1d8d9df56335ff3708e9e006\">\n#top .av_textblock_section.av-mcdhrd1c-28d4bc8a1d8d9df56335ff3708e9e006 .avia_textblock{\nfont-size:16px;\n}\n<\/style>\n<section  class='av_textblock_section av-mcdhrd1c-28d4bc8a1d8d9df56335ff3708e9e006'  itemscope=\"itemscope\" itemtype=\"https:\/\/schema.org\/CreativeWork\" ><div class='avia_textblock'  itemprop=\"text\" ><p>Licenciado en Administraci\u00f3n de Empresas con especializaci\u00f3n en Marketing, especializado en servicios financieros y crecimiento estrat\u00e9gico. Experiencia impulsando iniciativas de mercado y la interacci\u00f3n con el cliente en diversos sectores.<\/p>\n<ul>\n<li>Tel\u00e9fono: <a href=\"tel:+1 (305) 744 2474\"> +1 305 744 2474<\/a><\/li>\n<li>Email: <a href=\"mailto:sz@capitalexpress.us\">sz@capitalexpress.us<\/a><\/li>\n<\/ul>\n<\/div><\/section><\/p>\n<\/div><\/div>\n<style type=\"text\/css\" data-created_by=\"avia_inline_auto\" id=\"style-css-av-13eqpa-14220bec5cd93850c0d4933e37c61c2d\">\n.flex_cell.av-13eqpa-14220bec5cd93850c0d4933e37c61c2d{\nvertical-align:middle;\n}\n.responsive #top #wrap_all .flex_cell.av-13eqpa-14220bec5cd93850c0d4933e37c61c2d{\npadding:60px 60px 60px 60px !important;\n}\n<\/style>\n<div class='flex_cell av-13eqpa-14220bec5cd93850c0d4933e37c61c2d av-gridrow-cell av_one_fourth no_margin  avia-builder-el-20  el_after_av_cell_one_half  avia-builder-el-last ' ><div class='flex_cell_inner'><\/div><\/div>\n<\/div>\n\n<style type=\"text\/css\" data-created_by=\"avia_inline_auto\" id=\"style-css-av-7gbku-76f803bdb62ae99a08e69c987aff3315\">\n.avia-section.av-7gbku-76f803bdb62ae99a08e69c987aff3315{\nbackground-color:#2ad2c9;\nbackground-image:unset;\nmargin-top:0px;\nmargin-bottom:40px;\n}\n.avia-section.av-7gbku-76f803bdb62ae99a08e69c987aff3315 .av-section-color-overlay{\nopacity:0.6;\n}\n<\/style>\n<div id='av_section_2'  class='avia-section av-7gbku-76f803bdb62ae99a08e69c987aff3315 main_color avia-section-default avia-no-border-styling  avia-builder-el-21  el_after_av_layout_row  avia-builder-el-last  avia-bg-style-scroll av-section-color-overlay-active container_wrap fullsize'  ><div class=\"av-section-color-overlay-wrap\"><div class=\"av-section-color-overlay\"><\/div><div class='container av-section-cont-open' ><div class='template-page content  av-content-full alpha units'><div class='post-entry post-entry-type-page post-entry-814'><div class='entry-content-wrapper clearfix'>\n<div  class='avia-button-wrap av-mcdhp8xj-7b895acbebbde75359a795cb2b4c2c46-wrap avia-button-center  avia-builder-el-22  avia-builder-el-no-sibling ' >\n<style type=\"text\/css\" data-created_by=\"avia_inline_auto\" id=\"style-css-av-mcdhp8xj-7b895acbebbde75359a795cb2b4c2c46\">\n#top #wrap_all .avia-button.av-mcdhp8xj-7b895acbebbde75359a795cb2b4c2c46{\nbackground-color:#000000;\nborder-color:#000000;\ncolor:#ffffff;\n-webkit-transition:all 0.4s ease-in-out;\n-moz-transition:all 0.4s ease-in-out;\n-ms-transition:all 0.4s ease-in-out;\n-o-transition:all 0.4s ease-in-out;\ntransition:all 0.4s ease-in-out;\n}\n<\/style>\n<a href='https:\/\/www.capitalexpress.us\/es\/contactenos\/'  class='avia-button av-mcdhp8xj-7b895acbebbde75359a795cb2b4c2c46 avia-icon_select-yes-right-icon avia-size-large avia-position-center av-icon-on-hover'  target=\"_blank\"  rel=\"noopener noreferrer\"><span class='avia_iconbox_title' >APLICA AHORA<\/span><span class='avia_button_icon avia_button_icon_right' aria-hidden='true' data-av_icon='\ue879' data-av_iconfont='entypo-fontello'><\/span><\/a><\/div>\n\n","protected":false},"excerpt":{"rendered":"","protected":false},"author":1,"featured_media":0,"parent":154,"menu_order":0,"comment_status":"closed","ping_status":"closed","template":"","meta":{"inline_featured_image":false,"footnotes":""},"class_list":["post-814","page","type-page","status-publish","hentry"],"_links":{"self":[{"href":"https:\/\/www.capitalexpress.us\/es\/wp-json\/wp\/v2\/pages\/814","targetHints":{"allow":["GET"]}}],"collection":[{"href":"https:\/\/www.capitalexpress.us\/es\/wp-json\/wp\/v2\/pages"}],"about":[{"href":"https:\/\/www.capitalexpress.us\/es\/wp-json\/wp\/v2\/types\/page"}],"author":[{"embeddable":true,"href":"https:\/\/www.capitalexpress.us\/es\/wp-json\/wp\/v2\/users\/1"}],"replies":[{"embeddable":true,"href":"https:\/\/www.capitalexpress.us\/es\/wp-json\/wp\/v2\/comments?post=814"}],"version-history":[{"count":37,"href":"https:\/\/www.capitalexpress.us\/es\/wp-json\/wp\/v2\/pages\/814\/revisions"}],"predecessor-version":[{"id":1447,"href":"https:\/\/www.capitalexpress.us\/es\/wp-json\/wp\/v2\/pages\/814\/revisions\/1447"}],"up":[{"embeddable":true,"href":"https:\/\/www.capitalexpress.us\/es\/wp-json\/wp\/v2\/pages\/154"}],"wp:attachment":[{"href":"https:\/\/www.capitalexpress.us\/es\/wp-json\/wp\/v2\/media?parent=814"}],"curies":[{"name":"wp","href":"https:\/\/api.w.org\/{rel}","templated":true}]}}