{"id":3,"date":"2022-06-08T14:24:05","date_gmt":"2022-06-08T14:24:05","guid":{"rendered":"https:\/\/capitalexpress.us\/es\/?page_id=3"},"modified":"2025-09-02T17:58:56","modified_gmt":"2025-09-02T22:58:56","slug":"politica-de-privacidad","status":"publish","type":"page","link":"https:\/\/www.capitalexpress.us\/es\/politica-de-privacidad\/","title":{"rendered":"Politica de Privacidad"},"content":{"rendered":"<p><span style=\"font-weight: 400;\">El objetivo de esta pol\u00edtica es informar a los interesados acerca de los distintos tratamientos realizados por esta organizaci\u00f3n mediante la p\u00e1gina web y que afecten a sus datos personales, de conformidad con lo establecido en el Reglamento (UE) 2016\/679 del Parlamento Europeo y del Consejo de 27 de abril de 2016.\u00a0<\/span><\/p>\n<p><b><\/b><\/p>\n<ul>\n<li aria-level=\"1\">\n<h3><b>IDENTIFICACI\u00d3N Y DATOS DE CONTACTO DEL RESPONSABLE<\/b><\/h3>\n<\/li>\n<\/ul>\n<p><span style=\"font-weight: 400;\">CAPITAL EXPRESS LLC, domiciliada en 15701 Collins Avenue Suite 3902 (33160 Sunny Isles Beach) Miami Beach, tel\u00e9fono de contacto<\/span> <a href=\"about:blank\"><span style=\"font-weight: 400;\">+1 (305) 744-2408<\/span><\/a><span style=\"font-weight: 400;\"> y correo electr\u00f3nico <\/span><span style=\"font-weight: 400;\">info@capitalexpress.us<\/span><span style=\"font-weight: 400;\">\u00a0<\/span><\/p>\n<p>&nbsp;<\/p>\n<p><b>DELEGADO DE PROTECCI\u00d3N DE DATOS<\/b><\/p>\n<p><span style=\"font-weight: 400;\">SEGURIDAD Y PRIVACIDAD DE DATOS, SL, con tel\u00e9fono de contacto <\/span><a href=\"tel:+34963122868\"><span style=\"font-weight: 400;\">963 122 868<\/span><\/a><span style=\"font-weight: 400;\"> y correo electr\u00f3nico <\/span><a href=\"mailto:infodpo@forlopd.es\"><span style=\"font-weight: 400;\">infodpo@forlopd.es<\/span><\/a><\/p>\n<p>&nbsp;<\/p>\n<p><b>REPRESENTANTE EN LA UE<\/b><\/p>\n<p><span style=\"font-weight: 400;\">\u00c1lvaro Jos\u00e9 Zuluaga c<\/span><span style=\"font-weight: 400;\">ontacto a trav\u00e9s de tel\u00e9fono m\u00f3vil: <\/span><a href=\"tel:+1%20(786)%20208%208477\"><span style=\"font-weight: 400;\">+1 (786) 208 8477<\/span><\/a><span style=\"font-weight: 400;\"> y correo electr\u00f3nico <\/span><a href=\"mailto:az@capitalexpress.us\"><span style=\"font-weight: 400;\">az@capitalexpress.us<\/span><\/a><\/p>\n<p><b><\/b><\/p>\n<ul>\n<li aria-level=\"1\">\n<h3><b>FINALIDADES DEL TRATAMIENTO DE SUS DATOS PERSONALES\u00a0<\/b><\/h3>\n<\/li>\n<\/ul>\n<p>&nbsp;<\/p>\n<ul>\n<li style=\"font-weight: 400;\" aria-level=\"1\"><b>USUARIOS\/NAVEGANTES DE LA P\u00c1GINA WEB DEL RESPONSABLE<\/b><\/li>\n<\/ul>\n<p><span style=\"font-weight: 400;\">Trataremos los datos de car\u00e1cter personal facilitados para:<\/span><\/p>\n<ul>\n<li style=\"font-weight: 400;\" aria-level=\"1\"><span style=\"font-weight: 400;\">Atender a las solicitudes, quejas e incidencias trasladadas a trav\u00e9s de nuestros canales de contacto incorporados en la p\u00e1gina web.\u00a0<\/span><\/li>\n<li style=\"font-weight: 400;\" aria-level=\"1\"><span style=\"font-weight: 400;\">Entender el comportamiento del navegante dentro de la web con el fin de detectar posibles ataques inform\u00e1ticos a nuestra web.<\/span><\/li>\n<li style=\"font-weight: 400;\" aria-level=\"1\"><span style=\"font-weight: 400;\">Cumplir con las obligaciones legales que nos resulten directamente aplicables y regulen nuestra actividad.\u00a0<\/span><\/li>\n<li style=\"font-weight: 400;\" aria-level=\"1\"><span style=\"font-weight: 400;\">Proteger y ejercer nuestros derechos o responder ante reclamaciones de cualquier \u00edndole.<\/span><\/li>\n<\/ul>\n<ul>\n<li style=\"font-weight: 400;\" aria-level=\"1\"><span style=\"font-weight: 400;\">En su caso, env\u00edo de comunicaciones comerciales relativas a los bienes o servicios que conforman nuestra actividad y\/o noticias o boletines relacionados con nuestro sector. Su negativa a facilitarnos la autorizaci\u00f3n implicar\u00e1 la imposibilidad de enviarle informaci\u00f3n por parte de la entidad.<\/span><\/li>\n<\/ul>\n<ul>\n<li style=\"font-weight: 400;\" aria-level=\"1\"><span style=\"font-weight: 400;\">En su caso, gestionar su participaci\u00f3n en concursos y promociones que realice la entidad. Su negativa a facilitarnos la autorizaci\u00f3n implicar\u00e1 la imposibilidad de participar.<\/span><\/li>\n<li style=\"font-weight: 400;\" aria-level=\"1\"><span style=\"font-weight: 400;\">En su caso, enviar encuestas de satisfacci\u00f3n y\/o calidad. Su negativa a facilitarnos la autorizaci\u00f3n implicar\u00e1 la imposibilidad de evaluar el servicio prestado.<\/span><\/li>\n<li style=\"font-weight: 400;\" aria-level=\"1\"><span style=\"font-weight: 400;\">Gestionar su solicitud de recibir informaci\u00f3n sobre los servicios prestados.<\/span><\/li>\n<\/ul>\n<p><b><\/b><\/p>\n<ul>\n<li aria-level=\"1\">\n<h3><b>BASE JUR\u00cdDICA DEL TRATAMIENTO<\/b><\/h3>\n<\/li>\n<\/ul>\n<p>&nbsp;<\/p>\n<ul>\n<li style=\"font-weight: 400;\" aria-level=\"1\"><b>USUARIOS\/NAVEGANTES DE LA P\u00c1GINA WEB DEL RESPONSABLE<\/b><\/li>\n<\/ul>\n<ul>\n<li style=\"font-weight: 400;\" aria-level=\"1\"><span style=\"font-weight: 400;\">En el consentimiento que nos has prestado para tratar tus datos con las finalidades indicadas. La negativa a facilitar sus datos personales conllevara la imposibilidad de tratar sus datos con las finalidades mencionadas.<\/span><\/li>\n<li style=\"font-weight: 400;\" aria-level=\"1\"><span style=\"font-weight: 400;\">Para cumplir con las obligaciones legales que se nos aplican. En este caso, el interesado no podr\u00e1 negarse al tratamiento de los datos personales.<\/span><\/li>\n<li style=\"font-weight: 400;\" aria-level=\"1\"><span style=\"font-weight: 400;\">En nuestro inter\u00e9s leg\u00edtimo de proteger nuestra imagen, negocio y trayectoria evitando ataques a nuestra p\u00e1gina web. En este caso, el interesado no podr\u00e1 negarse al tratamiento de los datos personales, aunque podr\u00e1 ejercer, en su caso, los derechos reconocidos en el apartado \u00abderechos\u00bb de la presente pol\u00edtica.<\/span><\/li>\n<\/ul>\n<p><b><\/b><\/p>\n<ul>\n<li aria-level=\"1\">\n<h3><b>COMPLEMENTOS Y HERRAMIENTAS DEL SITIO WEB<\/b><\/h3>\n<\/li>\n<\/ul>\n<p>&nbsp;<\/p>\n<ul>\n<li style=\"font-weight: 400;\" aria-level=\"1\"><b>Google reCAPTCHA<\/b><\/li>\n<\/ul>\n<p><span style=\"font-weight: 400;\">Utilizamos el servicio Google reCAPTCHA para detectar, en base al inter\u00e9s leg\u00edtimo, si el sitio web est\u00e1 siendo utilizado por bots, con la finalidad de proteger el portal y prevenir pr\u00e1cticas abusivas y fraudulentas, como el env\u00edo de spam.\u00a0<\/span><\/p>\n<p>&nbsp;<\/p>\n<p><span style=\"font-weight: 400;\">Puede acceder a la pol\u00edtica de privacidad de nuestro proveedor haciendo clic <\/span><span style=\"font-weight: 400;\">aqu\u00ed<\/span> <span style=\"font-weight: 400;\">[INSERTAR HIPERVINCULO A LA POL\u00cdTICA PRIVACIDAD DEL PROVEEDOR:\u00a0\u00a0<\/span><\/p>\n<p><span style=\"font-weight: 400;\">\u00a0<\/span><a href=\"https:\/\/policies.google.com\/privacy?hl=es\"><span style=\"font-weight: 400;\">https:\/\/policies.google.com\/privacy?hl=es<\/span><\/a><span style=\"font-weight: 400;\">]<\/span><\/p>\n<ul>\n<li style=\"font-weight: 400;\" aria-level=\"1\"><b>Google maps<\/b><\/li>\n<\/ul>\n<p><span style=\"font-weight: 400;\">Utilizamos Google Maps (API) con la finalidad demostrarle mapas interactivos directamente en nuestro sitio web y permitirle utilizar sus funciones. A estos efectos, debe tener en cuenta que, al utilizar el servicio, Google recabar\u00e1 y almacenar\u00e1 informaci\u00f3n sobre su uso. Le informamos que el uso de Google puede conllevar Transferencias Internacionales de Datos no basadas en una decisi\u00f3n de adecuaci\u00f3n de la Comisi\u00f3n Europea ni en el ofrecimiento de garant\u00edas adecuadas, por lo que, no cuentan con un nivel id\u00f3neo de protecci\u00f3n de conformidad con lo dispuesto por el RGPD. A los efectos oportunos, le informamos que este hecho puede conllevar ciertos riesgos para la protecci\u00f3n de sus datos de car\u00e1cter personal. Dichos riesgos derivados pueden incluir que no exista una autoridad supervisora de protecci\u00f3n equivalente y\/o unos principios de protecci\u00f3n de tratamiento de datos y\/o unos derechos de protecci\u00f3n de las personas interesadas equivalentes. Por todo ello, le recomendamos que, de forma previa, lea detenidamente la pol\u00edtica de privacidad de nuestro proveedor haciendo clic <\/span><span style=\"font-weight: 400;\">aqu\u00ed<\/span><span style=\"font-weight: 400;\">. <\/span><span style=\"font-weight: 400;\">[INSERTAR HIPERVINCULO A LA POL\u00cdTICA PRIVACIDAD DEL PROVEEDOR: <\/span><span style=\"font-weight: 400;\">https:\/\/policies.google.com\/privacy?hl=es<\/span><span style=\"font-weight: 400;\">]<\/span><\/p>\n<p><b><\/b><\/p>\n<ul>\n<li aria-level=\"1\">\n<h3><b>PLAZOS O CRITERIOS DE CONSERVACI\u00d3N DE LOS DATOS<\/b><\/h3>\n<\/li>\n<\/ul>\n<p><span style=\"font-weight: 400;\">Los datos personales proporcionados se conservar\u00e1n durante el tiempo necesario para cumplir con las finalidades para los que fueron recopilados inicialmente.<\/span><\/p>\n<p>&nbsp;<\/p>\n<p><span style=\"font-weight: 400;\">Una vez que los datos dejen de ser necesarios para el tratamiento en cuesti\u00f3n, estos se mantendr\u00e1n debidamente bloqueados para, en su caso, ponerlos a disposici\u00f3n de las Administraciones y Organismos P\u00fablicas competentes, Jueces y Tribunales o el Ministerio Fiscal, durante el plazo de prescripci\u00f3n de las acciones que pudieran derivarse de la relaci\u00f3n mantenida con el cliente y\/o los plazos de conservaci\u00f3n previstos legalmente.<\/span><\/p>\n<p><b><\/b><\/p>\n<ul>\n<li aria-level=\"1\">\n<h3><b>DECISIONES AUTOMATIZADAS Y ELABORACI\u00d3N DE PERFILES\u00a0<\/b><\/h3>\n<\/li>\n<\/ul>\n<p><span style=\"font-weight: 400;\">La p\u00e1gina web no toma decisiones automatizadas ni elabora perfiles.\u00a0<\/span><\/p>\n<p><b><\/b><\/p>\n<ul>\n<li aria-level=\"1\">\n<h3><b>DESTINATARIOS<\/b><\/h3>\n<\/li>\n<\/ul>\n<p><span style=\"font-weight: 400;\">Durante el periodo de duraci\u00f3n del tratamiento de sus datos personales, la organizaci\u00f3n podr\u00e1 ceder sus datos a los siguientes destinatarios:<\/span><\/p>\n<ul>\n<li style=\"font-weight: 400;\" aria-level=\"1\"><span style=\"font-weight: 400;\">Jueces y Tribunales.<\/span><\/li>\n<li style=\"font-weight: 400;\" aria-level=\"1\"><span style=\"font-weight: 400;\">Fuerzas y Cuerpos de Seguridad del Estado.<\/span><\/li>\n<li style=\"font-weight: 400;\" aria-level=\"1\"><span style=\"font-weight: 400;\">Otras autoridades u organismos p\u00fablicos competentes, cuando el responsable tenga la obligaci\u00f3n legal de facilitar los datos personales.\u00a0<\/span><\/li>\n<\/ul>\n<ul>\n<li style=\"font-weight: 400;\" aria-level=\"1\"><span style=\"font-weight: 400;\">Igualmente, sus datos podr\u00e1n ser tratados por ADVANCE EXPRESS LLC, como empresa vinculada que gestiona el servicio solicitado.\u00a0<\/span><\/li>\n<\/ul>\n<p><b><\/b><\/p>\n<ul>\n<li aria-level=\"1\">\n<h3><b>REDES SOCIALES<\/b><\/h3>\n<\/li>\n<\/ul>\n<p><span style=\"font-weight: 400;\">Con la finalidad de hacerle part\u00edcipe de nuestra actividad, y de que pueda estar al tanto de nuestras novedades, le informamos de que CAPITAL EXPRESS LLC<\/span> <span style=\"font-weight: 400;\">tiene creado un perfil en las Redes Sociales.\u00a0<\/span><\/p>\n<p>&nbsp;<\/p>\n<p><span style=\"font-weight: 400;\">Todos los usuarios tienen la oportunidad de unirse a nuestras redes sociales o grupos. Sin embargo, debe tener en cuenta que, salvo que le solicitemos sus datos directamente (por ejemplo, mediante acciones de marketing, concursos, promociones, o cualquier otra forma v\u00e1lida), sus datos pertenecer\u00e1n a la Red Social correspondiente, por lo que le recomendamos que lea detenidamente sus condiciones de uso y pol\u00edticas de privacidad, as\u00ed como, se asegure de configurar sus preferencias en cuanto al tratamiento de los datos.\u00a0<\/span><\/p>\n<p>&nbsp;<\/p>\n<p><span style=\"font-weight: 400;\">A continuaci\u00f3n, detallamos el enlace a la pol\u00edtica de privacidad a las distintas Redes Sociales en las que tenemos presencia, para que pueda acceder en todo momento a las pol\u00edticas de privacidad y configurar su perfil para garantizar su privacidad:<\/span><\/p>\n<p>&nbsp;<\/p>\n<p><b>LinkedIN: <\/b><a href=\"https:\/\/es.linkedin.com\/legal\/privacy-policy\"><span style=\"font-weight: 400;\">https:\/\/es.linkedin.com\/legal\/privacy-policy<\/span><\/a><span style=\"font-weight: 400;\">\u00a0<\/span><\/p>\n<p><b><\/b><\/p>\n<ul>\n<li aria-level=\"1\">\n<h3><b>DERECHOS<\/b><\/h3>\n<\/li>\n<\/ul>\n<p><span style=\"font-weight: 400;\">Los interesados podr\u00e1n solicitar m\u00e1s informaci\u00f3n acerca del tratamiento de sus datos personales as\u00ed como ejercer en cualquier momento y, de forma gratuita, los derechos de acceso, rectificaci\u00f3n y supresi\u00f3n, as\u00ed como solicitar que se limite el tratamiento de sus datos personales, oponerse al mismo, solicitar la portabilidad de estos (siempre que sea t\u00e9cnicamente posible) o retirar el consentimiento prestado y, en su caso, a no ser objeto de una decisi\u00f3n basada \u00fanicamente en un tratamiento automatizado, incluido la elaboraci\u00f3n de perfiles.<\/span><\/p>\n<p>&nbsp;<\/p>\n<p><span style=\"font-weight: 400;\">Para ello podr\u00e1 emplear los formularios habilitados por la organizaci\u00f3n, o bien dirigir un escrito a la direcci\u00f3n postal o correo electr\u00f3nico referenciados en el encabezamiento. A los efectos oportunos, le informamos que se le podr\u00e1 solicitar su DNI o cualquier otro documento an\u00e1logo, con la finalidad de acreditar su identidad, siempre que ello no pueda realizarse por otros medios menos intrusivos.\u00a0<\/span><\/p>\n<p>&nbsp;<\/p>\n<p><span style=\"font-weight: 400;\">En caso de que sienta vulnerados sus derechos en lo concerniente a la protecci\u00f3n de sus datos personales, especialmente cuando no haya obtenido satisfacci\u00f3n en el ejercicio de sus derechos, puede presentar una reclamaci\u00f3n ante la Autoridad de Control en materia de Protecci\u00f3n de Datos competente.\u00a0\u00a0<\/span><\/p>\n<p>&nbsp;<\/p>\n<p><span style=\"font-weight: 400;\">Si usted no desea recibir m\u00e1s informaci\u00f3n sobre nuestros servicios, puede darse de baja enviando un correo electr\u00f3nico a la direcci\u00f3n <\/span><span style=\"font-weight: 400;\">info@capitalexpress.us, <\/span><span style=\"font-weight: 400;\">con asunto <\/span><b><i>\u201cBAJAS\u201d<\/i><\/b><span style=\"font-weight: 400;\">.\u00a0<\/span><\/p>\n<p><b><\/b><\/p>\n<ul>\n<li aria-level=\"1\">\n<h3><b>VERACIDAD DE LOS DATOS<\/b><\/h3>\n<\/li>\n<\/ul>\n<p><span style=\"font-weight: 400;\">El interesado garantiza que los datos aportados son verdaderos, exactos, completos y se encuentran actualizados; comprometi\u00e9ndose a informar de cualquier cambio respecto de los datos que aportara, por los canales habilitados al efecto e indicados en el punto uno de la presente pol\u00edtica. Ser\u00e1 responsable de cualquier da\u00f1o o perjuicio, tanto directo como indirecto, que pudiera ocasionar como consecuencia del incumplimiento de la presente obligaci\u00f3n.<\/span><\/p>\n<p>&nbsp;<\/p>\n<p><span style=\"font-weight: 400;\">En el supuesto de que el usuario facilite datos de terceros, declara que cuenta con el consentimiento de los interesados y se compromete a trasladarle la informaci\u00f3n contenida en esta cl\u00e1usula, eximiendo a la organizaci\u00f3n de cualquier responsabilidad derivada por la falta de cumplimiento de la presente obligaci\u00f3n.<\/span><\/p>\n<p><b><\/b><\/p>\n<ul>\n<li aria-level=\"1\">\n<h3><b>MODIFICACIONES Y ACTUALIZACI\u00d3N<\/b><\/h3>\n<\/li>\n<\/ul>\n<p><span style=\"font-weight: 400;\">La presente pol\u00edtica de privacidad puede verse modificada\/actualizada en funci\u00f3n de las exigencias legales establecidas o con la finalidad de adaptar dicha a la normativa vigente, o a consecuencia de cambios en nuestro sitio web. Por esta raz\u00f3n, aconsejamos a los usuarios que visiten peri\u00f3dicamente nuestra Pol\u00edtica de Privacidad.<\/span><\/p>\n<p>&nbsp;<\/p>\n<p><span style=\"font-weight: 400;\">Si tiene dudas acerca de esta pol\u00edtica, puede contactar con CAPITAL EXPRESS LLC a trav\u00e9s de los formularios habilitados por la organizaci\u00f3n, o bien dirigir un escrito a la direcci\u00f3n postal o correo electr\u00f3nico referenciados en el encabezamiento.<\/span><\/p>\n<p>&nbsp;<\/p>\n<p><span style=\"font-weight: 400;\">\u00daltima revisi\u00f3n 4 de agosto de 2025<\/span><\/p>\n","protected":false},"excerpt":{"rendered":"<p>El objetivo de esta pol\u00edtica es informar a los interesados acerca de los distintos tratamientos realizados por esta organizaci\u00f3n mediante la p\u00e1gina web y que afecten a sus datos personales, de conformidad con lo establecido en el Reglamento (UE) 2016\/679 del Parlamento Europeo y del Consejo de 27 de abril de 2016.\u00a0 IDENTIFICACI\u00d3N Y DATOS [&hellip;]<\/p>\n","protected":false},"author":1,"featured_media":0,"parent":0,"menu_order":0,"comment_status":"closed","ping_status":"open","template":"","meta":{"inline_featured_image":false,"footnotes":""},"class_list":["post-3","page","type-page","status-publish","hentry"],"_links":{"self":[{"href":"https:\/\/www.capitalexpress.us\/es\/wp-json\/wp\/v2\/pages\/3","targetHints":{"allow":["GET"]}}],"collection":[{"href":"https:\/\/www.capitalexpress.us\/es\/wp-json\/wp\/v2\/pages"}],"about":[{"href":"https:\/\/www.capitalexpress.us\/es\/wp-json\/wp\/v2\/types\/page"}],"author":[{"embeddable":true,"href":"https:\/\/www.capitalexpress.us\/es\/wp-json\/wp\/v2\/users\/1"}],"replies":[{"embeddable":true,"href":"https:\/\/www.capitalexpress.us\/es\/wp-json\/wp\/v2\/comments?post=3"}],"version-history":[{"count":6,"href":"https:\/\/www.capitalexpress.us\/es\/wp-json\/wp\/v2\/pages\/3\/revisions"}],"predecessor-version":[{"id":1467,"href":"https:\/\/www.capitalexpress.us\/es\/wp-json\/wp\/v2\/pages\/3\/revisions\/1467"}],"wp:attachment":[{"href":"https:\/\/www.capitalexpress.us\/es\/wp-json\/wp\/v2\/media?parent=3"}],"curies":[{"name":"wp","href":"https:\/\/api.w.org\/{rel}","templated":true}]}}