{"id":156,"date":"2015-07-16T09:12:51","date_gmt":"2015-07-16T09:12:51","guid":{"rendered":"http:\/\/test.kriesi.at\/minimal-portfolio\/?page_id=156"},"modified":"2025-09-12T10:53:38","modified_gmt":"2025-09-12T15:53:38","slug":"contactenos","status":"publish","type":"page","link":"https:\/\/www.capitalexpress.us\/es\/contactenos\/","title":{"rendered":"Cont\u00e1ctenos"},"content":{"rendered":"\n<style type=\"text\/css\" data-created_by=\"avia_inline_auto\" id=\"style-css-av-mcdhw26q-0089512de135c03a09e3eb2001bb896b\">\n.avia-section.av-mcdhw26q-0089512de135c03a09e3eb2001bb896b{\nbackground-repeat:no-repeat;\nbackground-image:url(https:\/\/www.capitalexpress.us\/es\/wp-content\/uploads\/2025\/06\/capital-express-solutions-bg.jpg);\nbackground-position:50% 50%;\nbackground-attachment:scroll;\n}\n.avia-section.av-mcdhw26q-0089512de135c03a09e3eb2001bb896b .av-section-color-overlay{\nopacity:0.2;\nbackground-color:#0a0000;\n}\n<\/style>\n<div id='av_section_1'  class='avia-section av-mcdhw26q-0089512de135c03a09e3eb2001bb896b main_color avia-section-default avia-no-border-styling  avia-builder-el-0  el_before_av_section  avia-builder-el-first  avia-full-stretch avia-bg-style-scroll av-section-color-overlay-active av-minimum-height av-minimum-height-custom  container_wrap fullsize'  data-section-bg-repeat='stretch' data-av_minimum_height_px='280'><div class=\"av-section-color-overlay-wrap\"><div class=\"av-section-color-overlay\"><\/div><div class='container av-section-cont-open' style='height:280px'><main  role=\"main\" itemprop=\"mainContentOfPage\"  class='template-page content  av-content-full alpha units'><div class='post-entry post-entry-type-page post-entry-156'><div class='entry-content-wrapper clearfix'>\n\n<style type=\"text\/css\" data-created_by=\"avia_inline_auto\" id=\"style-css-av-z2gs-c894acbb58b7fafa79bd4318aabc8b25\">\n#top .flex_column.av-z2gs-c894acbb58b7fafa79bd4318aabc8b25{\nmargin-top:0px;\nmargin-bottom:0px;\n}\n.flex_column.av-z2gs-c894acbb58b7fafa79bd4318aabc8b25{\n-webkit-border-radius:0px 0px 0px 0px;\n-moz-border-radius:0px 0px 0px 0px;\nborder-radius:0px 0px 0px 0px;\npadding:0px 0px 0px 0px;\n}\n.responsive #top #wrap_all .flex_column.av-z2gs-c894acbb58b7fafa79bd4318aabc8b25{\nmargin-top:0px;\nmargin-bottom:0px;\n}\n<\/style>\n<div class='flex_column av-z2gs-c894acbb58b7fafa79bd4318aabc8b25 av_one_full  avia-builder-el-1  avia-builder-el-no-sibling  first flex_column_div av-animated-generic left-to-right av-zero-column-padding '     ><style type=\"text\/css\" data-created_by=\"avia_inline_auto\" id=\"style-css-av-mcdhvt5n-a9dd32528bb681849240e5c994d5b541\">\n#top .av-special-heading.av-mcdhvt5n-a9dd32528bb681849240e5c994d5b541{\nmargin:0 0 0 0;\npadding-bottom:0;\ncolor:#ffffff;\nfont-size:3vw;\n}\nbody .av-special-heading.av-mcdhvt5n-a9dd32528bb681849240e5c994d5b541 .av-special-heading-tag .heading-char{\nfont-size:25px;\n}\n#top #wrap_all .av-special-heading.av-mcdhvt5n-a9dd32528bb681849240e5c994d5b541 .av-special-heading-tag{\nfont-size:3vw;\n}\n.av-special-heading.av-mcdhvt5n-a9dd32528bb681849240e5c994d5b541 .special-heading-inner-border{\nborder-color:#ffffff;\n}\n.av-special-heading.av-mcdhvt5n-a9dd32528bb681849240e5c994d5b541 .av-subheading{\nfont-size:25px;\n}\n\n@media only screen and (min-width: 768px) and (max-width: 989px){ \n#top #wrap_all .av-special-heading.av-mcdhvt5n-a9dd32528bb681849240e5c994d5b541 .av-special-heading-tag{\nfont-size:24px;\n}\n}\n\n@media only screen and (min-width: 480px) and (max-width: 767px){ \n#top #wrap_all .av-special-heading.av-mcdhvt5n-a9dd32528bb681849240e5c994d5b541 .av-special-heading-tag{\nfont-size:24px;\n}\n}\n\n@media only screen and (max-width: 479px){ \n#top #wrap_all .av-special-heading.av-mcdhvt5n-a9dd32528bb681849240e5c994d5b541 .av-special-heading-tag{\nfont-size:24px;\n}\n}\n<\/style>\n<div  class='av-special-heading av-mcdhvt5n-a9dd32528bb681849240e5c994d5b541 av-special-heading-h1 custom-color-heading blockquote modern-quote modern-centered  avia-builder-el-2  avia-builder-el-no-sibling  av-inherit-size'><h1 class='av-special-heading-tag'  itemprop=\"headline\"  >CONT\u00c1CTENOS<\/h1><div class=\"special-heading-border\"><div class=\"special-heading-inner-border\"><\/div><\/div><\/div><\/div>\n\n<\/div><\/div><\/main><!-- close content main element --><\/div><\/div><\/div><div id='av_section_2'  class='avia-section av-27w5sc-1ee61bd0e22510c10841cdb87ba5c6f6 main_color avia-section-no-padding avia-no-border-styling  avia-builder-el-3  el_after_av_section  el_before_av_layout_row  full_ancho avia-bg-style-scroll av-minimum-height av-minimum-height-custom  container_wrap fullsize'  ><div class='container av-section-cont-open' ><div class='template-page content  av-content-full alpha units'><div class='post-entry post-entry-type-page post-entry-156'><div class='entry-content-wrapper clearfix'>\n<section  class='av_textblock_section av-l4splzal-dcc09fed08f53a1ae36749a8ab0d18a7'  itemscope=\"itemscope\" itemtype=\"https:\/\/schema.org\/CreativeWork\" ><div class='avia_textblock'  itemprop=\"text\" ><p><iframe loading=\"lazy\" style=\"border: 0;\" src=\"https:\/\/www.google.com\/maps\/embed?pb=!1m18!1m12!1m3!1d3588.4022259677786!2d-80.1217034!3d25.9220146!2m3!1f0!2f0!3f0!3m2!1i1024!2i768!4f13.1!3m3!1m2!1s0x88d9ad160a7846c1%3A0x71a46c9dc11e6db8!2s15701%20Collins%20Ave%2C%20North%20Miami%20Beach%2C%20FL%2033160%2C%20EE.%20UU.!5e0!3m2!1ses!2sco!4v1656090514511!5m2!1ses!2sco\" width=\"100%\" height=\"300\" allowfullscreen=\"allowfullscreen\"><\/iframe><\/p>\n<\/div><\/section>\n\n<\/div><\/div><\/div><!-- close content main div --><\/div><\/div><div id='av-layout-grid-1'  class='av-layout-grid-container av-1wuz6c-a14d7b7cc533e70cd484b21469bcce5c entry-content-wrapper main_color av-flex-cells  avia-builder-el-5  el_after_av_section  avia-builder-el-last  grid-row-not-first  container_wrap fullsize'  >\n\n<style type=\"text\/css\" data-created_by=\"avia_inline_auto\" id=\"style-css-av-1rlcsc-d0a0277e0ea11edc8809cc60c98ad8d5\">\n.flex_cell.av-1rlcsc-d0a0277e0ea11edc8809cc60c98ad8d5{\nvertical-align:top;\n}\n.responsive #top #wrap_all .flex_cell.av-1rlcsc-d0a0277e0ea11edc8809cc60c98ad8d5{\npadding:60px 60px 60px 60px !important;\n}\n<\/style>\n<div class='flex_cell av-1rlcsc-d0a0277e0ea11edc8809cc60c98ad8d5 av-gridrow-cell av_one_half no_margin  avia-builder-el-6  el_before_av_cell_one_half  avia-builder-el-first ' ><div class='flex_cell_inner'><p>\n<style type=\"text\/css\" data-created_by=\"avia_inline_auto\" id=\"style-css-av-l4sq8pzp-8a55d5c3f6cfec7313cd6cf2f18d696b\">\n#top .av-special-heading.av-l4sq8pzp-8a55d5c3f6cfec7313cd6cf2f18d696b{\npadding-bottom:10px;\nfont-size:30px;\n}\nbody .av-special-heading.av-l4sq8pzp-8a55d5c3f6cfec7313cd6cf2f18d696b .av-special-heading-tag .heading-char{\nfont-size:25px;\n}\n#top #wrap_all .av-special-heading.av-l4sq8pzp-8a55d5c3f6cfec7313cd6cf2f18d696b .av-special-heading-tag{\nfont-size:30px;\n}\n.av-special-heading.av-l4sq8pzp-8a55d5c3f6cfec7313cd6cf2f18d696b .av-subheading{\nfont-size:15px;\n}\n\n@media only screen and (min-width: 480px) and (max-width: 767px){ \n#top #wrap_all .av-special-heading.av-l4sq8pzp-8a55d5c3f6cfec7313cd6cf2f18d696b .av-special-heading-tag{\nfont-size:0.8em;\n}\n}\n\n@media only screen and (max-width: 479px){ \n#top #wrap_all .av-special-heading.av-l4sq8pzp-8a55d5c3f6cfec7313cd6cf2f18d696b .av-special-heading-tag{\nfont-size:0.8em;\n}\n}\n<\/style>\n<div  class='av-special-heading av-l4sq8pzp-8a55d5c3f6cfec7313cd6cf2f18d696b av-special-heading-h3 custom-color-heading blockquote modern-quote  avia-builder-el-7  el_before_av_contact  avia-builder-el-first  av-inherit-size'><h3 class='av-special-heading-tag'  itemprop=\"headline\"  >PONERSE EN CONTACTO<\/h3><div class='av-subheading av-subheading_below'><p>Convierta sus facturas en dinero con tan solo un click<\/p>\n<\/div><div class=\"special-heading-border\"><div class=\"special-heading-inner-border\"><\/div><\/div><\/div><br \/>\n<form action=\"https:\/\/www.capitalexpress.us\/es\/contactenos\/\" method=\"post\"  class=\"avia_ajax_form av-form-labels-visible   avia-builder-el-8  el_after_av_heading  avia-builder-el-last   \" data-avia-form-id=\"1\" data-avia-redirect='' ><fieldset><p class='  first_form  form_element form_fullwidth' id='element_avia_1_1'><label for=\"avia_1_1\">Nombre Completo <abbr class=\"required\" title=\"requerido\">*<\/abbr><\/label> <input name=\"avia_1_1\" class=\"text_input is_empty\" type=\"text\" id=\"avia_1_1\" value=\"\" \/><\/p><p class='  first_form  form_element form_fullwidth' id='element_avia_2_1'><label for=\"avia_2_1\">E-Mail <abbr class=\"required\" title=\"requerido\">*<\/abbr><\/label> <input name=\"avia_2_1\" class=\"text_input is_email\" type=\"text\" id=\"avia_2_1\" value=\"\" \/><\/p><p class='  first_form  form_element form_fullwidth' id='element_avia_3_1'><label for=\"avia_3_1\">Tel\u00e9fono <abbr class=\"required\" title=\"requerido\">*<\/abbr><\/label> <input name=\"avia_3_1\" class=\"text_input is_empty\" type=\"text\" id=\"avia_3_1\" value=\"\" \/><\/p><p class='  first_form  form_element form_fullwidth' id='element_avia_4_1'><label for=\"avia_4_1\" class=\"textare_label hidden textare_label_avia_4_1\">Mensaje <abbr class=\"required\" title=\"requerido\">*<\/abbr><\/label><textarea  name=\"avia_4_1\" class=\"text_area is_empty\" cols=\"40\" rows=\"7\" id=\"avia_4_1\" ><\/textarea><\/p><div id='avia_6_1' class='av-form-text'><\/p>\n<div class=\"\" style=\"padding: 10px; border: 1px solid #BBB; margin-top: 10px; display: block;\"><strong>Informaci\u00f3n b\u00e1sica en protecci\u00f3n de datos<\/strong> &#8211; Conforme al RGPD, CAPITAL EXPRESS LLC tratar\u00e1 los datos facilitados con la finalidad de gestionar y atender su solicitud. Para obtener m\u00e1s informaci\u00f3n acerca del tratamiento de sus datos y ejercer sus derechos, visite nuestra <a style=\"text-decoration: underline;\" href=\"\/es\/politica-de-privacidad\/\">Pol\u00edtica de Privacidad.<\/a>.<\/div>\n<p>\n<\/div><p class='  first_form  form_element form_fullwidth' id='element_avia_7_1'><input  name=\"avia_7_1\" class=\"input_checkbox is_empty\" type=\"checkbox\" id=\"avia_7_1\" value=\"true\"\/><label class=\"input_checkbox_label\" for=\"avia_7_1\">ENTIENDO Y ACEPTO el tratamiento de mis datos tal y como se describe anteriormente y se explica con mayor detalle en la <a href=\"\/politica-de-privacidad\/\">Pol\u00edtica de privacidad.<\/a> <abbr class=\"required\" title=\"requerido\">*<\/abbr><\/label><\/p><p class=\"hidden\"><input type=\"text\" name=\"avia_8_1\" class=\"hidden \" id=\"avia_8_1\" value=\"\" \/><\/p><div id='avia_9_1' class='av-recaptcha-area  first_form  form_element form_fullwidth '  data-container_class=\"\" data-custom_class=\"\" data-context=\"av_contact_form\" data-token_input=\"av_recaptcha_token\" data-version=\"avia_recaptcha_v2\" data-theme=\"light\" data-size=\"normal\" data-score=\"0.5\" data-text_to_preview=\"\" data-value=\"\"><div class=\"av-google-badge-message hidden\">This site is protected by reCAPTCHA and the Google <a href=\"https:\/\/policies.google.com\/privacy\">Privacy Policy<\/a> and <a href=\"https:\/\/policies.google.com\/terms\">Terms of Service<\/a> apply.<\/div><\/div><p class=\"form_element \"><input type=\"hidden\" value=\"1\" name=\"avia_generated_form1\" \/><input type=\"submit\" value=\"Enviar\" class=\"button\"  data-sending-label=\"Enviando\"\/><\/p><\/fieldset><div class=\"avia-disabled-form\">This contact form is deactivated because you refused to accept Google reCaptcha service which is necessary to validate any messages sent by the form.<\/div><\/form><div id=\"ajaxresponse_1\" class=\"ajaxresponse ajaxresponse_1 hidden\"><\/div><\/p>\n<\/div><\/div>\n<style type=\"text\/css\" data-created_by=\"avia_inline_auto\" id=\"style-css-av-1jv7o4-55b30a968c6e2eebdbd239607c996c5f\">\n.flex_cell.av-1jv7o4-55b30a968c6e2eebdbd239607c996c5f{\nvertical-align:top;\n}\n.responsive #top #wrap_all .flex_cell.av-1jv7o4-55b30a968c6e2eebdbd239607c996c5f{\npadding:60px 60px 60px 60px !important;\n}\n<\/style>\n<div class='flex_cell av-1jv7o4-55b30a968c6e2eebdbd239607c996c5f av-gridrow-cell av_one_half no_margin  avia-builder-el-9  el_after_av_cell_one_half  avia-builder-el-last ' ><div class='flex_cell_inner'><p>\n<style type=\"text\/css\" data-created_by=\"avia_inline_auto\" id=\"style-css-av-l4sqbnd2-bc9e025a96375396f08a5b43d4a8b401\">\n#top .av-special-heading.av-l4sqbnd2-bc9e025a96375396f08a5b43d4a8b401{\npadding-bottom:10px;\nfont-size:30px;\n}\nbody .av-special-heading.av-l4sqbnd2-bc9e025a96375396f08a5b43d4a8b401 .av-special-heading-tag .heading-char{\nfont-size:25px;\n}\n#top #wrap_all .av-special-heading.av-l4sqbnd2-bc9e025a96375396f08a5b43d4a8b401 .av-special-heading-tag{\nfont-size:30px;\n}\n.av-special-heading.av-l4sqbnd2-bc9e025a96375396f08a5b43d4a8b401 .av-subheading{\nfont-size:15px;\n}\n\n@media only screen and (min-width: 480px) and (max-width: 767px){ \n#top #wrap_all .av-special-heading.av-l4sqbnd2-bc9e025a96375396f08a5b43d4a8b401 .av-special-heading-tag{\nfont-size:0.8em;\n}\n}\n\n@media only screen and (max-width: 479px){ \n#top #wrap_all .av-special-heading.av-l4sqbnd2-bc9e025a96375396f08a5b43d4a8b401 .av-special-heading-tag{\nfont-size:0.8em;\n}\n}\n<\/style>\n<div  class='av-special-heading av-l4sqbnd2-bc9e025a96375396f08a5b43d4a8b401 av-special-heading-h3 custom-color-heading blockquote modern-quote  avia-builder-el-10  el_before_av_textblock  avia-builder-el-first  av-inherit-size'><h3 class='av-special-heading-tag'  itemprop=\"headline\"  >ESTAMOS UBICADOS EN<\/h3><div class=\"special-heading-border\"><div class=\"special-heading-inner-border\"><\/div><\/div><\/div><br \/>\n\n<style type=\"text\/css\" data-created_by=\"avia_inline_auto\" id=\"style-css-av-l4oxf4oz-d83a32f876ce682f12ab33bf5a5651e5\">\n#top .av_textblock_section.av-l4oxf4oz-d83a32f876ce682f12ab33bf5a5651e5 .avia_textblock{\nfont-size:16px;\ncolor:#2ad2c9;\n}\n<\/style>\n<section  class='av_textblock_section av-l4oxf4oz-d83a32f876ce682f12ab33bf5a5651e5'  itemscope=\"itemscope\" itemtype=\"https:\/\/schema.org\/CreativeWork\" ><div class='avia_textblock av_inherit_color'  itemprop=\"text\" ><p><strong>15701 Collins Ave, North Miami Beach, FL 33160, USA<\/strong><\/p>\n<\/div><\/section><br \/>\n\n<style type=\"text\/css\" data-created_by=\"avia_inline_auto\" id=\"style-css-av-l4sqdxk3-d6ad175caff620f108a7c8ab37e7bfd6\">\n#top .av_textblock_section.av-l4sqdxk3-d6ad175caff620f108a7c8ab37e7bfd6 .avia_textblock{\nfont-size:16px;\n}\n<\/style>\n<section  class='av_textblock_section av-l4sqdxk3-d6ad175caff620f108a7c8ab37e7bfd6'  itemscope=\"itemscope\" itemtype=\"https:\/\/schema.org\/CreativeWork\" ><div class='avia_textblock'  itemprop=\"text\" ><p>Suite 3902<\/p>\n<\/div><\/section><br \/>\n\n<style type=\"text\/css\" data-created_by=\"avia_inline_auto\" id=\"style-css-av-l4sqf1sn-e609e10afdb64323c4af5b311aa569d3\">\n#top .av_textblock_section.av-l4sqf1sn-e609e10afdb64323c4af5b311aa569d3 .avia_textblock{\nfont-size:16px;\ncolor:#2ad2c9;\n}\n<\/style>\n<section  class='av_textblock_section av-l4sqf1sn-e609e10afdb64323c4af5b311aa569d3'  itemscope=\"itemscope\" itemtype=\"https:\/\/schema.org\/CreativeWork\" ><div class='avia_textblock av_inherit_color'  itemprop=\"text\" ><p><a href=\"mailto:info@capitalexpress.us\"><strong>info@capitalexpress.us<\/strong><\/a><\/p>\n<\/div><\/section><br \/>\n\n<style type=\"text\/css\" data-created_by=\"avia_inline_auto\" id=\"style-css-av-l4sqemjj-9e155a68887e15bca53a68d33515759b\">\n#top .av_textblock_section.av-l4sqemjj-9e155a68887e15bca53a68d33515759b .avia_textblock{\nfont-size:16px;\n}\n<\/style>\n<section  class='av_textblock_section av-l4sqemjj-9e155a68887e15bca53a68d33515759b'  itemscope=\"itemscope\" itemtype=\"https:\/\/schema.org\/CreativeWork\" ><div class='avia_textblock'  itemprop=\"text\" ><p><a href=\"tel:+13057442408\">+1 (305) 744-2408<\/a><\/p>\n<p><a href=\"tel:+1 (786) 208 8477\">+44 7735 623145<\/a><\/p>\n<\/div><\/section><\/p>\n<\/div><\/div><\/div>\n","protected":false},"excerpt":{"rendered":"","protected":false},"author":1,"featured_media":0,"parent":0,"menu_order":0,"comment_status":"open","ping_status":"closed","template":"","meta":{"inline_featured_image":false,"footnotes":""},"class_list":["post-156","page","type-page","status-publish","hentry"],"_links":{"self":[{"href":"https:\/\/www.capitalexpress.us\/es\/wp-json\/wp\/v2\/pages\/156","targetHints":{"allow":["GET"]}}],"collection":[{"href":"https:\/\/www.capitalexpress.us\/es\/wp-json\/wp\/v2\/pages"}],"about":[{"href":"https:\/\/www.capitalexpress.us\/es\/wp-json\/wp\/v2\/types\/page"}],"author":[{"embeddable":true,"href":"https:\/\/www.capitalexpress.us\/es\/wp-json\/wp\/v2\/users\/1"}],"replies":[{"embeddable":true,"href":"https:\/\/www.capitalexpress.us\/es\/wp-json\/wp\/v2\/comments?post=156"}],"version-history":[{"count":47,"href":"https:\/\/www.capitalexpress.us\/es\/wp-json\/wp\/v2\/pages\/156\/revisions"}],"predecessor-version":[{"id":1479,"href":"https:\/\/www.capitalexpress.us\/es\/wp-json\/wp\/v2\/pages\/156\/revisions\/1479"}],"wp:attachment":[{"href":"https:\/\/www.capitalexpress.us\/es\/wp-json\/wp\/v2\/media?parent=156"}],"curies":[{"name":"wp","href":"https:\/\/api.w.org\/{rel}","templated":true}]}}