{"id":1374,"date":"2024-10-25T23:30:09","date_gmt":"2024-10-25T23:30:09","guid":{"rendered":"https:\/\/www.capitalexpress.us\/es\/?page_id=1374"},"modified":"2025-09-02T17:52:47","modified_gmt":"2025-09-02T22:52:47","slug":"aviso-legal","status":"publish","type":"page","link":"https:\/\/www.capitalexpress.us\/es\/aviso-legal\/","title":{"rendered":"Aviso Legal"},"content":{"rendered":"<ul>\n<li aria-level=\"1\">\n<h2><b>DATOS IDENTIFICATIVOS<\/b><\/h2>\n<\/li>\n<\/ul>\n<p><span style=\"font-weight: 400;\">Usted est\u00e1 visitando la p\u00e1gina web<\/span> <span style=\"font-weight: 400;\">http:\/\/www.capitalexpress.us<\/span><span style=\"font-weight: 400;\"> titularidad de CAPITAL EXPRESS LLC, con domicilio social en 15701 Collins Avenue 3902 (33160 Sunny Isles Beach) Miami Beach. En adelante, el <\/span><b>TITULAR<\/b><span style=\"font-weight: 400;\">.<\/span><\/p>\n<p>&nbsp;<\/p>\n<p><span style=\"font-weight: 400;\">Puede contactar con el Titular por cualquiera de los siguientes medios:<\/span><\/p>\n<p>&nbsp;<\/p>\n<p><b>Tel\u00e9fono: <\/b><span style=\"font-weight: 400;\">+1 (305) 744-2408<\/span><span style=\"font-weight: 400;\">\u00a0<\/span><\/p>\n<p><b>Correo electr\u00f3nico de contacto:<\/b> <span style=\"font-weight: 400;\">info@capitalexpress.us<\/span><\/p>\n<p>&nbsp;<\/p>\n<ul>\n<li aria-level=\"1\">\n<h2><b>USUARIOS<\/b><\/h2>\n<\/li>\n<\/ul>\n<p><span style=\"font-weight: 400;\">Mediante el presente documento ponemos en su conocimiento los t\u00e9rminos y condiciones que regulan el uso del sitio web y\/o app del Titular, as\u00ed como de los servicios y contenidos asociados. Dicho uso implica la adquisici\u00f3n de la condici\u00f3n de \u201cusuario\u201d y, con dicha condici\u00f3n, una serie de derechos y <\/span><span style=\"font-weight: 400;\">obligaciones.<\/span><\/p>\n<p>&nbsp;<\/p>\n<p><b>A los efectos anteriormente descritos, le informamos que es de su responsabilidad acceder a las condiciones legales insertas en la presente web, as\u00ed como, a las pol\u00edticas de privacidad, cookies o en su caso, condiciones de venta y leerlas detenidamente. <\/b><span style=\"font-weight: 400;\">Recomendamos:<\/span><\/p>\n<ol>\n<li style=\"font-weight: 400;\" aria-level=\"2\"><b>Que visite las mismas cada vez que pretenda acceder o utilizar los servicios y contenidos del sitio y\u00a0<\/b><\/li>\n<li style=\"font-weight: 400;\" aria-level=\"2\"><b>Que imprima o almacene en su sistema una copia.<\/b><\/li>\n<\/ol>\n<p>&nbsp;<\/p>\n<ul>\n<li aria-level=\"1\">\n<h2><b>USO DEL PORTAL<\/b><\/h2>\n<\/li>\n<\/ul>\n<p><span style=\"font-weight: 400;\">Esta web proporciona el acceso a multitud de informaci\u00f3n, servicios, programas o datos (en adelante, \u201clos contenidos\u201d) en Internet pertenecientes a el Titular o a sus licenciantes a los que el Usuario puede tener acceso.<\/span><\/p>\n<p>&nbsp;<\/p>\n<p><span style=\"font-weight: 400;\">El Usuario asume la responsabilidad del uso del portal en los t\u00e9rminos que mediante la presente se establecen. D<\/span><span style=\"font-weight: 400;\">icha responsabilidad se extiende al registro que fuese necesario para acceder a determinados servicios o contenidos. En dicho registro, el Usuario ser\u00e1 responsable de aportar informaci\u00f3n veraz y l\u00edcita. Como consecuencia de este registro, al Usuario se le puede proporcionar una contrase\u00f1a de la que ser\u00e1 asimismo responsable, comprometi\u00e9ndose a hacer un uso diligente y confidencial de la misma.<\/span><\/p>\n<p>&nbsp;<\/p>\n<p><b>El Usuario se compromete a hacer un uso adecuado de los contenidos y servicios<\/b><span style=\"font-weight: 400;\"> (por ejemplo, servicios de chat, foros de discusi\u00f3n o grupos de noticias) que el Titular ofrece a trav\u00e9s de su portal y, con car\u00e1cter enunciativo, pero no limitativo, <\/span><b>a no emplearlos para<\/b><span style=\"font-weight: 400;\">:<\/span><\/p>\n<p>&nbsp;<\/p>\n<ul>\n<li style=\"font-weight: 400;\" aria-level=\"1\"><span style=\"font-weight: 400;\">Incurrir en actividades il\u00edcitas, ilegales o contrarias a la buena fe y al orden p\u00fablico.\u00a0<\/span><\/li>\n<li style=\"font-weight: 400;\" aria-level=\"1\"><span style=\"font-weight: 400;\">Difundir contenidos o propaganda racista, xen\u00f3foba, pornogr\u00e1fico-ilegal, de apolog\u00eda del terrorismo o atentatoria contra los derechos humanos.\u00a0<\/span><\/li>\n<li style=\"font-weight: 400;\" aria-level=\"1\"><span style=\"font-weight: 400;\">Provocar da\u00f1os en los sistemas f\u00edsicos y l\u00f3gicos del Titular, de sus proveedores o de terceras persona<\/span><span style=\"font-weight: 400;\">s, introducir o difundir en la red virus inform\u00e1ticos o <\/span><span style=\"font-weight: 400;\">cualesquiera otros sistemas f\u00edsicos o l\u00f3gicos que sean susceptibles de provocar los da\u00f1os anteriormente mencionados.<\/span><\/li>\n<\/ul>\n<ul>\n<li style=\"font-weight: 400;\" aria-level=\"1\"><span style=\"font-weight: 400;\">Intentar acceder y, en su caso, utilizar las cuentas de correo electr\u00f3nico de otros usuarios y modificar o manipular sus mensajes.<\/span><\/li>\n<\/ul>\n<ul>\n<li style=\"font-weight: 400;\" aria-level=\"1\"><span style=\"font-weight: 400;\">Utilizar el sitio web ni las informaciones que en \u00e9l se contienen con fines comerciales, pol\u00edticos, publicitarios y para cualquier uso comercial, sobre todo en el env\u00edo de correos electr\u00f3nicos no solicitados.\u00a0<\/span><\/li>\n<\/ul>\n<p>&nbsp;<\/p>\n<p><span style=\"font-weight: 400;\">El Titular se reserva el derecho a retirar todos aquellos comentarios y aportaciones que vulneren el respeto a la dignidad de la persona, que sean discriminatorios, xen\u00f3fobos, racistas, pornogr\u00e1ficos, que atenten contra la juventud o la infancia, el orden o la seguridad p\u00fablica o que, a su juicio, no resultar\u00e1n adecuados para su publicaci\u00f3n. <\/span><b>En cualquier caso, el Titular no ser\u00e1 responsable de las opiniones vertidas por los usuarios a trav\u00e9s de los foros, chats, u otras herramientas de participaci\u00f3n.<\/b><\/p>\n<p>&nbsp;<\/p>\n<ul>\n<li aria-level=\"1\">\n<h2><b>PROTECCI\u00d3N DE DATOS<\/b><\/h2>\n<\/li>\n<\/ul>\n<p><span style=\"font-weight: 400;\">Todo lo relativo al tratamiento de sus datos personales se encuentra recogido en la <\/span><a href=\"https:\/\/www.capitalexpress.us\/es\/politica-de-privacidad\/\"><span style=\"font-weight: 400;\">Pol\u00edtica de privacidad<\/span><\/a><span style=\"font-weight: 400;\">.<\/span><\/p>\n<p>&nbsp;<\/p>\n<ul>\n<li aria-level=\"1\">\n<h2><b>CONTENIDOS. PROPIEDAD INTELECTUAL E INDUSTRIAL<\/b><\/h2>\n<\/li>\n<\/ul>\n<p><span style=\"font-weight: 400;\">Todos los contenidos disponibles en este sitio web, incluyendo, entre otros, textos, im\u00e1genes, dise\u00f1os gr\u00e1ficos, logotipos, iconos, software, nombres comerciales, marcas, signos distintivos, y cualquier otro material susceptible de protecci\u00f3n, est\u00e1n protegidos por la normativa aplicable en materia de propiedad intelectual e industrial, incluyendo lo dispuesto en la Directiva 2001\/29\/CE del Parlamento Europeo y del Consejo, de 22 de mayo de 2001, relativa a la armonizaci\u00f3n de determinados aspectos de los derechos de autor y derechos afines en la sociedad de la informaci\u00f3n.<\/span><\/p>\n<p>&nbsp;<\/p>\n<p><span style=\"font-weight: 400;\">Los derechos de propiedad intelectual e industrial sobre los contenidos pertenecen al Titular. Se proh\u00edbe expresamente la reproducci\u00f3n, distribuci\u00f3n, comunicaci\u00f3n p\u00fablica, puesta a disposici\u00f3n del p\u00fablico, transformaci\u00f3n, o cualquier otro acto de explotaci\u00f3n, total o parcial, sin la autorizaci\u00f3n previa y por escrito del titular de los derechos.<\/span><\/p>\n<p>&nbsp;<\/p>\n<p><span style=\"font-weight: 400;\">El uso del sitio web por parte del usuario no implica la cesi\u00f3n ni la concesi\u00f3n de ning\u00fan derecho sobre los contenidos protegidos. El usuario se compromete a respetar todos los derechos de propiedad intelectual e industrial derivados del sitio web y de sus contenidos, y a no infringir, modificar, ni eliminar ninguna indicaci\u00f3n sobre titularidad, derechos de autor u otros elementos identificativos de los derechos del titular.<\/span><\/p>\n<p>&nbsp;<\/p>\n<p><span style=\"font-weight: 400;\">Cualquier uso no autorizado de los contenidos constituir\u00e1 una infracci\u00f3n de los derechos de propiedad intelectual o industrial y podr\u00e1 dar lugar al ejercicio de las acciones legales que correspondan, as\u00ed como a la exigencia de responsabilidades derivadas de dicho uso indebido.<\/span><\/p>\n<p>&nbsp;<\/p>\n<ul>\n<li aria-level=\"1\">\n<h2><b>EXCLUSI\u00d3N DE GARANT\u00cdAS Y RESPONSABILIDAD<\/b><\/h2>\n<\/li>\n<\/ul>\n<p><span style=\"font-weight: 400;\">El Usuario reconoce que la utilizaci\u00f3n de la p\u00e1gina web y de sus contenidos y servicios se desarrolla bajo su exclusiva responsabilidad. En concreto, a t\u00edtulo meramente enunciativo, el Titular no asume ninguna responsabilidad en los siguientes \u00e1mbitos:<\/span><\/p>\n<p>&nbsp;<\/p>\n<ul>\n<li style=\"font-weight: 400;\" aria-level=\"1\"><span style=\"font-weight: 400;\">La disponibilidad del funcionamiento de la p\u00e1gina web, sus servicios y contenidos y su calidad o interoperabilidad.<\/span><\/li>\n<li style=\"font-weight: 400;\" aria-level=\"1\"><span style=\"font-weight: 400;\">La finalidad para la que la p\u00e1gina web sirva a los objetivos del Usuario.<\/span><\/li>\n<li style=\"font-weight: 400;\" aria-level=\"1\"><span style=\"font-weight: 400;\">La infracci\u00f3n de la legislaci\u00f3n vigente por parte del Usuario o terceros y, en concreto, de los derechos de propiedad intelectual e industrial que sean titularidad de otras personas o entidades.<\/span><\/li>\n<li style=\"font-weight: 400;\" aria-level=\"1\"><span style=\"font-weight: 400;\">La existencia de c\u00f3digos maliciosos o cualquier otro elemento inform\u00e1tico da\u00f1ino que pudiera causar el sistema inform\u00e1tico del Usuario o de terceros. La entidad toma medidas para proteger el sitio web frente a ciberataques. No ob<\/span><span style=\"font-weight: 400;\">stante, no puede garantizar que no se vayan a producir accesos no autorizados por parte de terceros. Por ello, corresponde al Usuario disponer de herramientas adecuadas para la detecci\u00f3n y desinfecci\u00f3n de estos elementos.<\/span><\/li>\n<\/ul>\n<ul>\n<li style=\"font-weight: 400;\" aria-level=\"1\"><span style=\"font-weight: 400;\">El acceso fraudulento a los contenidos o servicios por terceros no autorizados o, en su caso, la captura, eliminaci\u00f3n, alteraci\u00f3n, modificaci\u00f3n o manipulaci\u00f3n de los mensajes y comunicaciones de cualquier clase que dichos terceros pudiera realizar.<\/span><\/li>\n<\/ul>\n<ul>\n<li style=\"font-weight: 400;\" aria-level=\"1\"><span style=\"font-weight: 400;\">Los da\u00f1os producidos a equipos inform\u00e1ticos durante el acceso a la p\u00e1gina web y los da\u00f1os producidos a los Usuarios cuando tengan su origen en fallos o desconexiones en las redes de telecomunicaciones que interrumpan el servicio.<\/span><\/li>\n<\/ul>\n<ul>\n<li style=\"font-weight: 400;\" aria-level=\"1\"><span style=\"font-weight: 400;\">Los da\u00f1os o perjuicios que se deriven de circunstancias acaecidas por caso fortuito o fuerza mayor.<\/span><\/li>\n<li style=\"font-weight: 400;\" aria-level=\"1\"><span style=\"font-weight: 400;\">En caso de que existan foros, el uso de los mismos u otros espacios an\u00e1logos, ha de tenerse en cuenta que los mensajes reflejan \u00fanicamente la opini\u00f3n del Usuario que los remite, siendo este el \u00fanico responsable de los mismos. En consecuencia, el Titular no se hace responsable del contenido de los mensajes enviados por el Usuario.\u00a0<\/span><\/li>\n<\/ul>\n<p>&nbsp;<\/p>\n<ul>\n<li aria-level=\"1\">\n<h2><b>MODIFICACI\u00d3N DE ESTE AVISO LEGAL Y DURACI\u00d3N<\/b><\/h2>\n<\/li>\n<\/ul>\n<p><span style=\"font-weight: 400;\">El Titular se reserva el derecho de efectuar sin previo aviso las modificaciones que considere oportunas en su portal, pudiendo cambiar, suprimir o a\u00f1adir tantos contenidos y servicios que se presten a trav\u00e9s de la misma, como la forma en la que estos aparezcan representados o localizados en su portal.<\/span><\/p>\n<p>&nbsp;<\/p>\n<p><span style=\"font-weight: 400;\">La vigencia de las citadas condiciones ir\u00e1 en funci\u00f3n de su exposici\u00f3n y estar\u00e1n vigentes hasta que sean modificadas por otras debidamente publicadas.<\/span><\/p>\n<p>&nbsp;<\/p>\n<ul>\n<li aria-level=\"1\">\n<h2><b>ENLACES<\/b><\/h2>\n<\/li>\n<\/ul>\n<p><span style=\"font-weight: 400;\">En el caso de que en <\/span><span style=\"font-weight: 400;\">http:\/\/www.capitalexpress.us<\/span><span style=\"font-weight: 400;\"> se incluyesen enlaces o hiperv\u00ednculos hacia otros sitios de Internet, el Titular no ejercer\u00e1 ning\u00fan tipo de control sobre dichos sitios y conte<\/span><span style=\"font-weight: 400;\">nidos ni asumir\u00e1 responsabilidad alguna por los contenidos de alg\u00fan enlace perteneciente a un sitio web ajeno, ni garantizar\u00e1 la disponibilidad t\u00e9cnica, calidad, fiabilidad, exactitud, amplitud, veracidad, validez y constitucionalidad de cualquier materia o informaci\u00f3n contenida en ninguno de dichos hiperv\u00ednculos y otros sitios <\/span><span style=\"font-weight: 400;\">en Internet. Igualmente, la inclusi\u00f3n de estas conexiones externas no implicar\u00e1 ning\u00fan tipo de asociaci\u00f3n, fusi\u00f3n o participaci\u00f3n con las entidades conectadas. No obstante lo anterior, si CAPITAL EXPRESS LLC., tuviera conocimiento efectivo de que la actividad o la informaci\u00f3n a la se remite o recomienda es il\u00edcita, o de que lesiona bienes o derechos de un tercero susceptibles de indemnizaci\u00f3n, se suprimir\u00e1n dichos datos o se inutilizar\u00e1 el enlace correspondiente.<\/span><\/p>\n<p>&nbsp;<\/p>\n<ul>\n<li aria-level=\"1\">\n<h2><b>DERECHOS DE EXCLUSI\u00d3N<\/b><\/h2>\n<\/li>\n<\/ul>\n<p><span style=\"font-weight: 400;\">El Titular se reserva el derecho a denegar o retirar el acceso al portal y\/o los servicios ofrecidos sin necesidad de advertencia previa, a instancia propia o de un tercero, a aquellos usuarios que incumplan el contenido de este Aviso Legal.<\/span><\/p>\n<p>&nbsp;<\/p>\n<ul>\n<li aria-level=\"1\">\n<h2><b>GENERALIDADES<\/b><\/h2>\n<\/li>\n<\/ul>\n<p><span style=\"font-weight: 400;\">El Titular perseguir\u00e1 el incumplimiento de las presentes condiciones, as\u00ed como cualquier utilizaci\u00f3n indebida de su portal ejerciendo todas las acciones civiles y penales que le puedan corresponder en derecho.<\/span><\/p>\n<p>&nbsp;<\/p>\n<ul>\n<li aria-level=\"1\">\n<h2><b>LEGISLACI\u00d3N APLICABLE Y JURISDICCI\u00d3N<\/b><\/h2>\n<\/li>\n<\/ul>\n<p><span style=\"font-weight: 400;\">La relaci\u00f3n entre el Titular y el Usuario se regir\u00e1 por la normativa aplicable. Todas las disputas y reclamaciones derivadas de este aviso legal se resolver\u00e1n por los juzgados y tribunales del consumidor y usuario que resulten competentes.<\/span><\/p>\n<p>&nbsp;<\/p>\n<ul>\n<li aria-level=\"1\">\n<h2><b>MENORES DE EDAD<\/b><\/h2>\n<\/li>\n<\/ul>\n<p><span style=\"font-weight: 400;\">Esta web dirige sus servicios a usuarios mayores de 18 a\u00f1os. Los menores de esta edad no est\u00e1n autorizados a utilizar nuestros servicios y no deber\u00e1n, por tanto, enviarnos sus datos personales. Informamos de que, si se da tal circunstancia, el Titular no se hace responsable de las posibles consecuencias que pudieran derivarse del incumplimiento del aviso que en esta misma cl\u00e1usula se establece.<\/span><\/p>\n<p>&nbsp;<\/p>\n<ul>\n<li aria-level=\"1\">\n<h2><b>MEDIDAS DE SEGURIDAD &#8211; SSL<\/b><\/h2>\n<\/li>\n<\/ul>\n<p><span style=\"font-weight: 400;\">El Titular ha contratado para su sitio web un certificado <\/span><b>SSL<\/b><span style=\"font-weight: 400;\"> (\u00ab<\/span><i><span style=\"font-weight: 400;\">Secure Sockets Layer\u00bb). <\/span><\/i><span style=\"font-weight: 400;\">Dicho certificado SSL permite proteger toda la informaci\u00f3n personal y confidencial que se pueda manejar en un sitio web, independientemente de la informaci\u00f3n que se est\u00e9 transmitiendo, como, por ejemplo, desde cualquiera de los formularios de contacto del sitio web hasta el servidor o los datos introducidos para la suscripci\u00f3n de boletines de noticias, accesos a las \u00e1reas protegidas, etc.<\/span><\/p>\n<p>&nbsp;<\/p>\n<p><span style=\"font-weight: 400;\">La direcci\u00f3n del sitio web aparecer\u00e1 en color verde, activ\u00e1ndose el protocolo \u201chttps\u201d que permite conexiones seguras desde un servidor web al navegador del usuario.<\/span><\/p>\n<p>&nbsp;<\/p>\n<p><span style=\"font-weight: 400;\">\u00daltima revisi\u00f3n 4 de agosto de 2025<\/span><\/p>\n<p>&nbsp;<\/p>\n","protected":false},"excerpt":{"rendered":"<p>DATOS IDENTIFICATIVOS Usted est\u00e1 visitando la p\u00e1gina web http:\/\/www.capitalexpress.us titularidad de CAPITAL EXPRESS LLC, con domicilio social en 15701 Collins Avenue 3902 (33160 Sunny Isles Beach) Miami Beach. En adelante, el TITULAR. &nbsp; Puede contactar con el Titular por cualquiera de los siguientes medios: &nbsp; Tel\u00e9fono: +1 (305) 744-2408\u00a0 Correo electr\u00f3nico de contacto: info@capitalexpress.us &nbsp; [&hellip;]<\/p>\n","protected":false},"author":1,"featured_media":0,"parent":0,"menu_order":0,"comment_status":"closed","ping_status":"closed","template":"","meta":{"inline_featured_image":false,"footnotes":""},"class_list":["post-1374","page","type-page","status-publish","hentry"],"_links":{"self":[{"href":"https:\/\/www.capitalexpress.us\/es\/wp-json\/wp\/v2\/pages\/1374","targetHints":{"allow":["GET"]}}],"collection":[{"href":"https:\/\/www.capitalexpress.us\/es\/wp-json\/wp\/v2\/pages"}],"about":[{"href":"https:\/\/www.capitalexpress.us\/es\/wp-json\/wp\/v2\/types\/page"}],"author":[{"embeddable":true,"href":"https:\/\/www.capitalexpress.us\/es\/wp-json\/wp\/v2\/users\/1"}],"replies":[{"embeddable":true,"href":"https:\/\/www.capitalexpress.us\/es\/wp-json\/wp\/v2\/comments?post=1374"}],"version-history":[{"count":5,"href":"https:\/\/www.capitalexpress.us\/es\/wp-json\/wp\/v2\/pages\/1374\/revisions"}],"predecessor-version":[{"id":1466,"href":"https:\/\/www.capitalexpress.us\/es\/wp-json\/wp\/v2\/pages\/1374\/revisions\/1466"}],"wp:attachment":[{"href":"https:\/\/www.capitalexpress.us\/es\/wp-json\/wp\/v2\/media?parent=1374"}],"curies":[{"name":"wp","href":"https:\/\/api.w.org\/{rel}","templated":true}]}}